{"id":776,"date":"2018-08-29T20:17:02","date_gmt":"2018-08-29T23:17:02","guid":{"rendered":"https:\/\/eavberni-bue.infd.edu.ar\/sitio\/datos-institucionales\/"},"modified":"2025-11-27T11:18:21","modified_gmt":"2025-11-27T14:18:21","slug":"datos-institucionales","status":"publish","type":"page","link":"https:\/\/eavberni-bue.infd.edu.ar\/sitio\/datos-institucionales\/","title":{"rendered":"Datos institucionales"},"content":{"rendered":"<h1 style=\"text-align: center;\">Escuela de Artes\u00a0 Visuales Antonio Berni<\/h1>\n<p><strong><span style=\"color: #333333; font-family: verdana,geneva;\"><span style=\"font-size: 14pt;\"><span style=\"font-size: 18pt;\"><span style=\"font-family: arial black,avant garde;\">Localidad: San Mart\u00edn<\/span><\/span><\/span><\/span><\/strong><\/p>\n<blockquote><p><span style=\"color: #333333; font-family: verdana,geneva;\"><span style=\"font-size: 14pt;\"><strong><span style=\"font-size: 18pt;\"><span style=\"font-family: arial black,avant garde;\">Partido: Gral. San Mart\u00edn<\/span><\/span><\/strong><\/span><\/span><\/p>\n<p><span style=\"color: #333333; font-family: verdana,geneva;\"><span style=\"font-size: 14pt;\"><strong><span style=\"font-size: 18pt;\"><span style=\"font-family: arial black,avant garde;\">Provincia: Buenos Aires (Argentina<\/span><\/span><span style=\"font-family: arial black,avant garde;\"><span style=\"font-size: 18pt;\">)<\/span><\/span><\/strong><\/span><\/span><\/p>\n<p><span style=\"font-family: verdana,geneva;\"><span style=\"font-size: 12pt;\"><strong>La Escuela de Artes Visuales \u00abAntonio Berni\u00bb funciona en los tres turnos: ma\u00f1ana, tarde y vespertino.<\/strong><\/span><\/span><\/p>\n<p><span style=\"font-family: verdana,geneva;\"><span style=\"font-size: 12pt;\"><strong>Se dictan las Carreras de Profesorado en Artes Visuales, Artes Visuales Cer\u00e1mica, Tecnicatura en\u00a0 Dise\u00f1o Gr\u00e1fico, Dise\u00f1o Gr\u00e1fico, Tecnicatura Superior en Dise\u00f1o de Imagen y Sonido y Tecnicatura en Ilustraci\u00f3n\u00a0<\/strong><\/span><\/span><\/p>\n<p>CONTACTOS<\/p>\n<p>SEDE SAN MARTIN:<\/p>\n<p>TUCUMAN 2350 (Ex 130) &#8211; TEL: 4897-7962 (TM-TT-TV)<\/p>\n<p>Anexo Liniers 2075 (Ex 15) &#8211; TEL: 8474-4372 (TM-TT-TV)<\/p>\n<p>SEDE SAN ISIDRO ( MARTINEZ):<\/p>\n<p>AV. Alexander Fleming 1621 &#8211; TEL: 4717-0573 (Turno Vespertino)<\/p><\/blockquote>\n","protected":false},"excerpt":{"rendered":"<p>Escuela de Artes\u00a0 Visuales Antonio Berni Localidad: San Mart\u00edn Partido: Gral. San Mart\u00edn Provincia: Buenos Aires (Argentina) La Escuela de Artes Visuales \u00abAntonio Berni\u00bb funciona en los tres turnos: ma\u00f1ana, tarde y vespertino. Se dictan las Carreras de Profesorado en Artes Visuales, Artes Visuales Cer\u00e1mica, Tecnicatura en\u00a0 Dise\u00f1o Gr\u00e1fico, Dise\u00f1o Gr\u00e1fico, Tecnicatura Superior en Dise\u00f1o &#8230; <a title=\"Datos institucionales\" class=\"read-more\" href=\"https:\/\/eavberni-bue.infd.edu.ar\/sitio\/datos-institucionales\/\" aria-label=\"More on Datos institucionales\">[+]<\/a><\/p>\n","protected":false},"author":26,"featured_media":0,"parent":0,"menu_order":0,"comment_status":"closed","ping_status":"closed","template":"","meta":[],"acf":[],"_links":{"self":[{"href":"https:\/\/eavberni-bue.infd.edu.ar\/sitio\/wp-json\/wp\/v2\/pages\/776"}],"collection":[{"href":"https:\/\/eavberni-bue.infd.edu.ar\/sitio\/wp-json\/wp\/v2\/pages"}],"about":[{"href":"https:\/\/eavberni-bue.infd.edu.ar\/sitio\/wp-json\/wp\/v2\/types\/page"}],"author":[{"embeddable":true,"href":"https:\/\/eavberni-bue.infd.edu.ar\/sitio\/wp-json\/wp\/v2\/users\/26"}],"replies":[{"embeddable":true,"href":"https:\/\/eavberni-bue.infd.edu.ar\/sitio\/wp-json\/wp\/v2\/comments?post=776"}],"version-history":[{"count":1,"href":"https:\/\/eavberni-bue.infd.edu.ar\/sitio\/wp-json\/wp\/v2\/pages\/776\/revisions"}],"predecessor-version":[{"id":1224,"href":"https:\/\/eavberni-bue.infd.edu.ar\/sitio\/wp-json\/wp\/v2\/pages\/776\/revisions\/1224"}],"wp:attachment":[{"href":"https:\/\/eavberni-bue.infd.edu.ar\/sitio\/wp-json\/wp\/v2\/media?parent=776"}],"curies":[{"name":"wp","href":"https:\/\/api.w.org\/{rel}","templated":true}]}}