{"id":318,"date":"2016-10-31T14:20:44","date_gmt":"2016-10-31T17:20:44","guid":{"rendered":"https:\/\/eavberni-bue.infd.edu.ar\/sitio\/?page_id=318"},"modified":"2026-03-19T12:07:49","modified_gmt":"2026-03-19T15:07:49","slug":"contacto","status":"publish","type":"page","link":"https:\/\/eavberni-bue.infd.edu.ar\/sitio\/contacto\/","title":{"rendered":"Contacto"},"content":{"rendered":"\n<p>Ac\u00e1 se encontraran todos los contactos de las sedes de la instituci\u00f3n <\/p>\n\n\n\n<p class=\"has-medium-font-size\"><strong>INSTITUCI\u00d3N<\/strong><\/p>\n\n\n\n<ul>\n<li>INSTITUCI\u00d3N: artesvisualessanmartin@abc.gob.ar<\/li>\n<\/ul>\n\n\n\n<p class=\"has-medium-font-size\"><strong>PRECEPTORIA GENERAL<\/strong><\/p>\n\n\n\n<ul>\n<li style=\"text-transform:capitalize\"> PRECEPTORIA GENERAL: preceptoriaeavabcentralsm@gmail.com<\/li>\n\n\n\n<li>SECRETARIA ( CASTRO YOLANDA):  yolcastro@abc.com<\/li>\n\n\n\n<li>PRO SECRETARIA ( CLARA PEZZI): prosecretariaclarapezzi@gmail.com<\/li>\n\n\n\n<li>JEFATURA DE \u00c1REA ARTES VISUALES ( CUTRUNEO ROSA) : jefaturaprofesoradoberni@gmail.com<\/li>\n\n\n\n<li>JEFATURA DE \u00c1REA TECNICATURAS (PRIETO VIVIANA): jefaturadeareaberni@gmail.com<\/li>\n<\/ul>\n\n\n\n<p class=\"has-medium-font-size\"><strong>EQUIPO DIRECTIVO<\/strong><\/p>\n\n\n\n<ul>\n<li>EMAIL INSTITUCIONAL\/ DIRECTOR ( PABLO DUFRANC): artesvisualessanmartin@abc.gob.ar<\/li>\n\n\n\n<li>VICEDIRECTORA: (MATINHOS VANINA): vmatinhos@abc.gob.ar <\/li>\n\n\n\n<li>REGENCIA LINIERS ( ROLDAN MARIANO): regencialiniers@gmail.com <\/li>\n\n\n\n<li>REGENCIA MARTINEZ ( GENARO LUCIA) : regenciamartine@gmail.com<\/li>\n\n\n\n<li>E.M.T.P ENCARGADO DE MEDIOS (MAURO QUIROGA) : ematpberni@gmail.com <\/li>\n<\/ul>\n\n\n\n<p class=\"has-medium-font-size\"><strong>CANAL DE DIFUSI\u00d3N WHATSAPP<\/strong><\/p>\n\n\n\n<figure class=\"wp-block-image size-full is-resized\"><img decoding=\"async\" loading=\"lazy\" src=\"https:\/\/eavberni-bue.infd.edu.ar\/sitio\/wp-content\/uploads\/2026\/03\/WhatsApp-Image-2026-03-19-at-11.41.46-1.jpeg\" alt=\"\" class=\"wp-image-1643\" width=\"217\" height=\"217\" srcset=\"https:\/\/eavberni-bue.infd.edu.ar\/sitio\/wp-content\/uploads\/2026\/03\/WhatsApp-Image-2026-03-19-at-11.41.46-1.jpeg 509w, https:\/\/eavberni-bue.infd.edu.ar\/sitio\/wp-content\/uploads\/2026\/03\/WhatsApp-Image-2026-03-19-at-11.41.46-1-500x500.jpeg 500w\" sizes=\"(max-width: 217px) 100vw, 217px\" \/><\/figure>\n","protected":false},"excerpt":{"rendered":"<p>Ac\u00e1 se encontraran todos los contactos de las sedes de la instituci\u00f3n INSTITUCI\u00d3N PRECEPTORIA GENERAL EQUIPO DIRECTIVO CANAL DE DIFUSI\u00d3N WHATSAPP<\/p>\n","protected":false},"author":1,"featured_media":0,"parent":0,"menu_order":0,"comment_status":"closed","ping_status":"closed","template":"","meta":[],"acf":[],"_links":{"self":[{"href":"https:\/\/eavberni-bue.infd.edu.ar\/sitio\/wp-json\/wp\/v2\/pages\/318"}],"collection":[{"href":"https:\/\/eavberni-bue.infd.edu.ar\/sitio\/wp-json\/wp\/v2\/pages"}],"about":[{"href":"https:\/\/eavberni-bue.infd.edu.ar\/sitio\/wp-json\/wp\/v2\/types\/page"}],"author":[{"embeddable":true,"href":"https:\/\/eavberni-bue.infd.edu.ar\/sitio\/wp-json\/wp\/v2\/users\/1"}],"replies":[{"embeddable":true,"href":"https:\/\/eavberni-bue.infd.edu.ar\/sitio\/wp-json\/wp\/v2\/comments?post=318"}],"version-history":[{"count":11,"href":"https:\/\/eavberni-bue.infd.edu.ar\/sitio\/wp-json\/wp\/v2\/pages\/318\/revisions"}],"predecessor-version":[{"id":1649,"href":"https:\/\/eavberni-bue.infd.edu.ar\/sitio\/wp-json\/wp\/v2\/pages\/318\/revisions\/1649"}],"wp:attachment":[{"href":"https:\/\/eavberni-bue.infd.edu.ar\/sitio\/wp-json\/wp\/v2\/media?parent=318"}],"curies":[{"name":"wp","href":"https:\/\/api.w.org\/{rel}","templated":true}]}}