{"id":286,"date":"2016-10-31T13:17:59","date_gmt":"2016-10-31T16:17:59","guid":{"rendered":"https:\/\/eavberni-bue.infd.edu.ar\/sitio\/?page_id=286"},"modified":"2026-03-17T17:00:48","modified_gmt":"2026-03-17T20:00:48","slug":"inicio","status":"publish","type":"page","link":"https:\/\/eavberni-bue.infd.edu.ar\/sitio\/","title":{"rendered":"Inicio"},"content":{"rendered":"<h1>NOVEDADES<\/h1>\n<hr \/>\n<h1>Fechas de Inicio de Ciclo Electivo 2026<\/h1>\n<p><strong>PRIMER CUATRIMESTRE<\/strong><\/p>\n<ul>\n<li><strong data-start=\"154\" data-end=\"165\">Inicio:<\/strong> Lunes <strong data-start=\"206\" data-end=\"221\">16 de Marzo<\/strong><\/li>\n<li><strong data-start=\"199\" data-end=\"216\">Finalizaci\u00f3n:<\/strong> Viernes <strong>17 de Julio<\/strong><\/li>\n<\/ul>\n<p><strong><span style=\"color: #000000;\">RECESO INVERNAL<\/span><\/strong><\/p>\n<ul>\n<li data-start=\"327\" data-end=\"369\"><strong data-start=\"327\" data-end=\"337\">Desde:<\/strong> Lunes <strong data-start=\"344\" data-end=\"367\">20 de Julio\u00a0<\/strong><\/li>\n<li data-start=\"327\" data-end=\"369\"><strong data-start=\"372\" data-end=\"382\">Hasta:<\/strong> Viernes <strong data-start=\"391\" data-end=\"414\">31 de Julio\u00a0<\/strong><\/li>\n<\/ul>\n<p><strong>SEGUNDO CUATRIMESTRE<\/strong><\/p>\n<ul>\n<li data-start=\"446\" data-end=\"489\"><strong data-start=\"446\" data-end=\"457\">Inicio:<\/strong> Lunes <strong data-start=\"464\" data-end=\"487\">3 de Agosto de 2026<\/strong><\/li>\n<li data-start=\"446\" data-end=\"489\"><strong data-start=\"492\" data-end=\"527\">Finalizaci\u00f3n del ciclo lectivo:<\/strong> Viernes <strong>27 de Noviembre<\/strong><\/li>\n<\/ul>\n<hr \/>\n<p>&nbsp;<\/p>\n<p><span style=\"font-weight: 400;\">La <strong>ESCUELA DE ARTES VISUALES \u00abANTONIO BERNI\u00bb<\/strong> de Gral. San Mart\u00edn, se halla en el conourbano de la Provincia de Buenos Aires y forma parte del sistema de educaci\u00f3n p\u00fablica de gesti\u00f3n estatal provincial.<\/span> <span style=\"font-weight: 400;\">En la misma se cursa\u00a0<\/span><\/p>\n<ul>\n<li><strong>FO.BA \u2013 FORMACI\u00d3N B\u00c1SICA<\/strong><\/li>\n<\/ul>\n<p><span style=\"font-weight: 400;\">Requisito de ingreso para el Profesorado de Artes Visuales, de un a\u00f1o de duraci\u00f3n.\u00a0<\/span><\/p>\n<ul>\n<li><strong>PROFESORADO DE ARTES VISUALES<\/strong><\/li>\n<\/ul>\n<p><span style=\"font-weight: 400;\">En las Especialidades de Pintura, Escultura, Grabado, Cer\u00e1mica\u00a0<\/span> <span style=\"font-weight: 400;\">Dicho Profesorado, orientado en las distintas disciplinas de las Bellas Artes,\u00a0 se brinda como oferta acad\u00e9mica en SAN MART\u00cdN (Tucum\u00e1n 130 , entre Rivadavia y Pueyrred\u00f3n y Liniers 2075 , entre Bartolom\u00e9 Mitre y Belgrano) en los tres turnos MA\u00d1ANA, TARDE y NOCHE. El estudiante puede elegir uno,\u00a0 sujeto a la posibilidad de vacantes.<\/span><\/p>\n<p><span style=\"font-weight: 400;\">En MARTINEZ, partido de San Isidro, la Escuela de Artes Visuales de Gral. San Mart\u00edn, cuenta con una EXTENSI\u00d3N, en la calle FLEMING 1621, donde la oferta acad\u00e9mica es de FOBA, y de la Carrera de Profesorado en Artes Visuales, \u00fanicamente en el TURNO NOCHE.<\/span><\/p>\n<p><span style=\"font-weight: 400;\">En SAN MART\u00cdN, se pueden estudiar tambi\u00e9n las carreras t\u00e9cnicas de<\/span><\/p>\n<ul>\n<li><strong>T\u00c9CNICO EN DISE\u00d1O GR\u00c1FICO\u00a0<\/strong><\/li>\n<li><strong>DISE\u00d1ADOR GR\u00c1FICO<\/strong><\/li>\n<li><strong>TECNICATURA SUPERIOR EN DISE\u00d1O, IMAGEN Y SONIDO<\/strong><\/li>\n<li><strong>TECNICATURA EN ILUSTRACI\u00d3N<\/strong><\/li>\n<li><strong>ILUSTRADOR PROFESIONAL<\/strong><\/li>\n<\/ul>\n<p><span style=\"font-weight: 400;\">A trav\u00e9s de este sitio en Internet, nuestro Instituto podr\u00e1 comunicar novedades, acercar informaci\u00f3n, compartir experiencias y brindar apoyo y asesoramiento a alumnos, docentes e interesados en formar parte de esta comunidad educativa. No obstante, es aconsejable acercarse personalmente\u00a0 a la Instituci\u00f3n.<\/span> <span style=\"font-weight: 400;\">Junto con varios cientos de Institutos, integramos la Red Virtual de Institutos Superiores de Formaci\u00f3n Docente coordinada por el INFD (Instituto Nacional de Formaci\u00f3n Docente) dependiente del Ministerio de Educaci\u00f3n de la Naci\u00f3n Argentina.<\/span> \u00a0<\/p>\n","protected":false},"excerpt":{"rendered":"<p>NOVEDADES Fechas de Inicio de Ciclo Electivo 2026 PRIMER CUATRIMESTRE Inicio: Lunes 16 de Marzo Finalizaci\u00f3n: Viernes 17 de Julio RECESO INVERNAL Desde: Lunes 20 de Julio\u00a0 Hasta: Viernes 31 de Julio\u00a0 SEGUNDO CUATRIMESTRE Inicio: Lunes 3 de Agosto de 2026 Finalizaci\u00f3n del ciclo lectivo: Viernes 27 de Noviembre &nbsp; La ESCUELA DE ARTES VISUALES &#8230; <a title=\"Inicio\" class=\"read-more\" href=\"https:\/\/eavberni-bue.infd.edu.ar\/sitio\/\" aria-label=\"More on Inicio\">[+]<\/a><\/p>\n","protected":false},"author":1,"featured_media":0,"parent":0,"menu_order":0,"comment_status":"closed","ping_status":"closed","template":"","meta":[],"acf":[],"_links":{"self":[{"href":"https:\/\/eavberni-bue.infd.edu.ar\/sitio\/wp-json\/wp\/v2\/pages\/286"}],"collection":[{"href":"https:\/\/eavberni-bue.infd.edu.ar\/sitio\/wp-json\/wp\/v2\/pages"}],"about":[{"href":"https:\/\/eavberni-bue.infd.edu.ar\/sitio\/wp-json\/wp\/v2\/types\/page"}],"author":[{"embeddable":true,"href":"https:\/\/eavberni-bue.infd.edu.ar\/sitio\/wp-json\/wp\/v2\/users\/1"}],"replies":[{"embeddable":true,"href":"https:\/\/eavberni-bue.infd.edu.ar\/sitio\/wp-json\/wp\/v2\/comments?post=286"}],"version-history":[{"count":173,"href":"https:\/\/eavberni-bue.infd.edu.ar\/sitio\/wp-json\/wp\/v2\/pages\/286\/revisions"}],"predecessor-version":[{"id":1610,"href":"https:\/\/eavberni-bue.infd.edu.ar\/sitio\/wp-json\/wp\/v2\/pages\/286\/revisions\/1610"}],"wp:attachment":[{"href":"https:\/\/eavberni-bue.infd.edu.ar\/sitio\/wp-json\/wp\/v2\/media?parent=286"}],"curies":[{"name":"wp","href":"https:\/\/api.w.org\/{rel}","templated":true}]}}