{"id":1594,"date":"2026-03-17T16:56:08","date_gmt":"2026-03-17T19:56:08","guid":{"rendered":"https:\/\/eavberni-bue.infd.edu.ar\/sitio\/?page_id=1594"},"modified":"2026-03-17T16:57:19","modified_gmt":"2026-03-17T19:57:19","slug":"boleto-estudiantil","status":"publish","type":"page","link":"https:\/\/eavberni-bue.infd.edu.ar\/sitio\/boleto-estudiantil\/","title":{"rendered":"Boleto Estudiantil"},"content":{"rendered":"\n<p class=\"has-contrast-color has-base-3-background-color has-text-color has-background has-medium-font-size\"><strong>Tutorial para tramitar el Boleto Estudiantil<\/strong><\/p>\n\n\n\n<p class=\"has-medium-font-size\"><strong>Paso 1: Ingresar  https:\/\/www.gba.gob.ar\/transporte\/boleto_estudiantil<\/strong><\/p>\n\n\n\n<figure class=\"wp-block-image size-full is-resized\"><img decoding=\"async\" loading=\"lazy\" src=\"https:\/\/eavberni-bue.infd.edu.ar\/sitio\/wp-content\/uploads\/2026\/03\/paso1.jpeg\" alt=\"\" class=\"wp-image-1595\" width=\"367\" height=\"184\"\/><\/figure>\n\n\n\n<p class=\"has-medium-font-size\"><strong>Paso 2:  Una vez ingresado a la web, desplazarse hasta abajo y buscar la inscripci\u00f3n al Boleto Estudiantil nivel Terciario<\/strong>.<\/p>\n\n\n\n<div class=\"wp-block-columns is-layout-flex wp-container-3\">\n<div class=\"wp-block-column is-layout-flow\" style=\"flex-basis:50%\">\n<figure class=\"wp-block-image size-full is-resized\"><img decoding=\"async\" loading=\"lazy\" src=\"https:\/\/eavberni-bue.infd.edu.ar\/sitio\/wp-content\/uploads\/2026\/03\/pas-2-1.jpeg\" alt=\"\" class=\"wp-image-1598\" width=\"240\" height=\"396\" srcset=\"https:\/\/eavberni-bue.infd.edu.ar\/sitio\/wp-content\/uploads\/2026\/03\/pas-2-1.jpeg 718w, https:\/\/eavberni-bue.infd.edu.ar\/sitio\/wp-content\/uploads\/2026\/03\/pas-2-1-607x1000.jpeg 607w\" sizes=\"(max-width: 240px) 100vw, 240px\" \/><\/figure>\n<\/div>\n\n\n\n<div class=\"wp-block-column is-layout-flow\" style=\"flex-basis:50%\">\n<figure class=\"wp-block-image size-full\"><img decoding=\"async\" loading=\"lazy\" width=\"738\" height=\"243\" src=\"https:\/\/eavberni-bue.infd.edu.ar\/sitio\/wp-content\/uploads\/2026\/03\/paso-3-1.jpeg\" alt=\"\" class=\"wp-image-1600\"\/><\/figure>\n<\/div>\n<\/div>\n\n\n\n<p class=\"has-medium-font-size\"><strong>Paso 3: ingresar los datos personales, en la secci\u00f3n de direcci\u00f3n poner el de la instituci\u00f3n<\/strong>,<\/p>\n\n\n\n<figure class=\"wp-block-image size-full is-resized\"><img decoding=\"async\" loading=\"lazy\" src=\"https:\/\/eavberni-bue.infd.edu.ar\/sitio\/wp-content\/uploads\/2026\/03\/paso-4.jpeg\" alt=\"\" class=\"wp-image-1599\" width=\"554\" height=\"465\"\/><\/figure>\n\n\n\n<p class=\"has-medium-font-size\"><strong>Paso 4 :  Esperar a que la instituci\u00f3n los cargue. Luego revisar la app de sube donde aparecer\u00e1n las cargas <\/strong><\/p>\n","protected":false},"excerpt":{"rendered":"<p>Tutorial para tramitar el Boleto Estudiantil Paso 1: Ingresar https:\/\/www.gba.gob.ar\/transporte\/boleto_estudiantil Paso 2: Una vez ingresado a la web, desplazarse hasta abajo y buscar la inscripci\u00f3n al Boleto Estudiantil nivel Terciario. Paso 3: ingresar los datos personales, en la secci\u00f3n de direcci\u00f3n poner el de la instituci\u00f3n, Paso 4 : Esperar a que la instituci\u00f3n los &#8230; <a title=\"Boleto Estudiantil\" class=\"read-more\" href=\"https:\/\/eavberni-bue.infd.edu.ar\/sitio\/boleto-estudiantil\/\" aria-label=\"More on Boleto Estudiantil\">[+]<\/a><\/p>\n","protected":false},"author":73,"featured_media":0,"parent":0,"menu_order":0,"comment_status":"closed","ping_status":"closed","template":"","meta":[],"acf":[],"_links":{"self":[{"href":"https:\/\/eavberni-bue.infd.edu.ar\/sitio\/wp-json\/wp\/v2\/pages\/1594"}],"collection":[{"href":"https:\/\/eavberni-bue.infd.edu.ar\/sitio\/wp-json\/wp\/v2\/pages"}],"about":[{"href":"https:\/\/eavberni-bue.infd.edu.ar\/sitio\/wp-json\/wp\/v2\/types\/page"}],"author":[{"embeddable":true,"href":"https:\/\/eavberni-bue.infd.edu.ar\/sitio\/wp-json\/wp\/v2\/users\/73"}],"replies":[{"embeddable":true,"href":"https:\/\/eavberni-bue.infd.edu.ar\/sitio\/wp-json\/wp\/v2\/comments?post=1594"}],"version-history":[{"count":1,"href":"https:\/\/eavberni-bue.infd.edu.ar\/sitio\/wp-json\/wp\/v2\/pages\/1594\/revisions"}],"predecessor-version":[{"id":1602,"href":"https:\/\/eavberni-bue.infd.edu.ar\/sitio\/wp-json\/wp\/v2\/pages\/1594\/revisions\/1602"}],"wp:attachment":[{"href":"https:\/\/eavberni-bue.infd.edu.ar\/sitio\/wp-json\/wp\/v2\/media?parent=1594"}],"curies":[{"name":"wp","href":"https:\/\/api.w.org\/{rel}","templated":true}]}}