{"id":1522,"date":"2025-12-27T08:54:25","date_gmt":"2025-12-27T11:54:25","guid":{"rendered":"https:\/\/eavberni-bue.infd.edu.ar\/sitio\/?page_id=1522"},"modified":"2025-12-27T08:54:26","modified_gmt":"2025-12-27T11:54:26","slug":"plan-de-estudio-pav","status":"publish","type":"page","link":"https:\/\/eavberni-bue.infd.edu.ar\/sitio\/plan-de-estudio-pav\/","title":{"rendered":"Plan de Estudio PAV"},"content":{"rendered":"\n<p class=\"has-x-large-font-size\"><strong>PROFESORADO DE ARTES VISUALES CON ORIENTACI\u00d3N EN GRABADO, ESCULTURA O PINTURA<\/strong><\/p>\n\n\n\n<p>El Profesorado en Artes Visuales forma docentes especializados en la ense\u00f1anza de los lenguajes visuales, promoviendo la producci\u00f3n art\u00edstica, la reflexi\u00f3n cr\u00edtica y el desarrollo de propuestas pedag\u00f3gicas significativas. La carrera articula saberes art\u00edsticos, t\u00e9cnicos y educativos, fortaleciendo el v\u00ednculo entre imagen, sociedad y cultura en diversos contextos educativos.<\/p>\n\n\n\n<p><strong>Requisitos de ingreso (sujetos a modificaci\u00f3n):<\/strong><\/p>\n\n\n\n<ol>\n<li>Planilla Completa con Datos Personales<\/li>\n\n\n\n<li>Fotocopia de DNI<\/li>\n\n\n\n<li>Fotocopia de Titulo Secundario \/ Constancia de titulo en tr\u00e1mite o Constancia de alumno regular si adeudar materias<\/li>\n\n\n\n<li>Carpeta de 3 solapas color rosa<\/li>\n\n\n\n<li>Ficha Medica<\/li>\n\n\n\n<li>Foto 4&#215;4<\/li>\n<\/ol>\n\n\n\n<p class=\"has-text-color\" style=\"color:#ff0000\">NO SE QUEDARA INSCRIPTO QUIEN NO ENTREGUE LA DOCUMENTACI\u00d3N DE LOS PRIMEROS 4 PUNTO<\/p>\n\n\n\n<p class=\"has-large-font-size\"><strong>PROFESORADO DE ARTES VISUALES<\/strong><\/p>\n\n\n\n<p class=\"has-medium-font-size\"><strong>T\u00cdTULO:<\/strong> <strong>PROFESOR DE ARTES VISUALES<\/strong><\/p>\n\n\n\n<p class=\"has-text-color\" style=\"color:#ff0000\"><strong>ASISTENCIA DEL 80% DE LAS CLASES<\/strong><\/p>\n\n\n\n<p class=\"has-medium-font-size\"><strong>PRIMER A\u00d1O<\/strong><\/p>\n\n\n\n<figure class=\"wp-block-table is-style-stripes\"><table><thead><tr><th>MATERIAS<\/th><th class=\"has-text-align-center\" data-align=\"center\">H<\/th><th class=\"has-text-align-center\" data-align=\"center\">LIB<\/th><th class=\"has-text-align-center\" data-align=\"center\">PR<\/th><th class=\"has-text-align-center\" data-align=\"center\">EF<\/th><th class=\"has-text-align-center\" data-align=\"center\">PRES<\/th><\/tr><\/thead><tbody><tr><td>Lenguaje Visual 1<\/td><td class=\"has-text-align-center\" data-align=\"center\">3<\/td><td class=\"has-text-align-center\" data-align=\"center\">NO<\/td><td class=\"has-text-align-center\" data-align=\"center\">SI<\/td><td class=\"has-text-align-center\" data-align=\"center\">NO<\/td><td class=\"has-text-align-center\" data-align=\"center\"><\/td><\/tr><tr><td>Dibujo 1<\/td><td class=\"has-text-align-center\" data-align=\"center\">2<\/td><td class=\"has-text-align-center\" data-align=\"center\">NO<\/td><td class=\"has-text-align-center\" data-align=\"center\">SI<\/td><td class=\"has-text-align-center\" data-align=\"center\">NO<\/td><td class=\"has-text-align-center\" data-align=\"center\"><\/td><\/tr><tr><td>Pintura 1<\/td><td class=\"has-text-align-center\" data-align=\"center\">2<\/td><td class=\"has-text-align-center\" data-align=\"center\">NO<\/td><td class=\"has-text-align-center\" data-align=\"center\">SI<\/td><td class=\"has-text-align-center\" data-align=\"center\">NO<\/td><td class=\"has-text-align-center\" data-align=\"center\"><\/td><\/tr><tr><td>Escultura 1<\/td><td class=\"has-text-align-center\" data-align=\"center\">2<\/td><td class=\"has-text-align-center\" data-align=\"center\">NO<\/td><td class=\"has-text-align-center\" data-align=\"center\">SI<\/td><td class=\"has-text-align-center\" data-align=\"center\">NO<\/td><td class=\"has-text-align-center\" data-align=\"center\"><\/td><\/tr><tr><td>Grabado y Arte Impreso 1<\/td><td class=\"has-text-align-center\" data-align=\"center\">2<\/td><td class=\"has-text-align-center\" data-align=\"center\">NO<\/td><td class=\"has-text-align-center\" data-align=\"center\">SI<\/td><td class=\"has-text-align-center\" data-align=\"center\">NO<\/td><td class=\"has-text-align-center\" data-align=\"center\"><\/td><\/tr><tr><td>Historia de las Artes Visuales 1<\/td><td class=\"has-text-align-center\" data-align=\"center\">2<\/td><td class=\"has-text-align-center\" data-align=\"center\">SI<\/td><td class=\"has-text-align-center\" data-align=\"center\">NO<\/td><td class=\"has-text-align-center\" data-align=\"center\">SI<\/td><td class=\"has-text-align-center\" data-align=\"center\"><\/td><\/tr><tr><td>Pr\u00e1ctica Docente 1<\/td><td class=\"has-text-align-center\" data-align=\"center\">3<\/td><td class=\"has-text-align-center\" data-align=\"center\">NO<\/td><td class=\"has-text-align-center\" data-align=\"center\">SI<\/td><td class=\"has-text-align-center\" data-align=\"center\">NO<\/td><td class=\"has-text-align-center\" data-align=\"center\"><\/td><\/tr><tr><td>Psicolog\u00eda de la Educaci\u00f3n 1<\/td><td class=\"has-text-align-center\" data-align=\"center\">2<\/td><td class=\"has-text-align-center\" data-align=\"center\">SI<\/td><td class=\"has-text-align-center\" data-align=\"center\">NO<\/td><td class=\"has-text-align-center\" data-align=\"center\">SI<\/td><td class=\"has-text-align-center\" data-align=\"center\"><\/td><\/tr><tr><td>Fundamentos de la Educaci\u00f3n<\/td><td class=\"has-text-align-center\" data-align=\"center\">2<\/td><td class=\"has-text-align-center\" data-align=\"center\">SI<\/td><td class=\"has-text-align-center\" data-align=\"center\">NO<\/td><td class=\"has-text-align-center\" data-align=\"center\">SI<\/td><td class=\"has-text-align-center\" data-align=\"center\"><\/td><\/tr><tr><td>Historia Social General<\/td><td class=\"has-text-align-center\" data-align=\"center\">2<\/td><td class=\"has-text-align-center\" data-align=\"center\">SI<\/td><td class=\"has-text-align-center\" data-align=\"center\">SI<\/td><td class=\"has-text-align-center\" data-align=\"center\">NO<\/td><td class=\"has-text-align-center\" data-align=\"center\"><\/td><\/tr><\/tbody><\/table><figcaption class=\"wp-element-caption\"><strong>MODALIDAD DE CURSADA:<\/strong>&nbsp;<strong>PP<\/strong>&nbsp;(Presencialidad plena |&nbsp;<strong>PPC<\/strong>&nbsp;(Propuesta pedag\u00f3gica combinada)<br><strong>H:<\/strong>&nbsp;carga horaria semanal<br><strong>LIB:<\/strong>&nbsp;se puede rendir libre<br><strong>PR:<\/strong>&nbsp;se puede promocionar<br><strong>EF:<\/strong>&nbsp;se puede rendir final<br><strong>PRES<\/strong>: P (presencial), V ( Virtual), A (Asincr\u00f3nica), S (Sincr\u00f3nica)<\/figcaption><\/figure>\n\n\n\n<p><\/p>\n\n\n\n<p class=\"has-medium-font-size\"><strong>SEGUNDO A\u00d1O<\/strong><\/p>\n\n\n\n<figure class=\"wp-block-table is-style-stripes\"><table><thead><tr><th>MATERIAS<\/th><th class=\"has-text-align-center\" data-align=\"center\">H<\/th><th class=\"has-text-align-center\" data-align=\"center\">LIB<\/th><th class=\"has-text-align-center\" data-align=\"center\">PR<\/th><th class=\"has-text-align-center\" data-align=\"center\">EF<\/th><th class=\"has-text-align-center\" data-align=\"center\">PRES<\/th><\/tr><\/thead><tbody><tr><td>Lenguaje Visual 2<\/td><td class=\"has-text-align-center\" data-align=\"center\">3<\/td><td class=\"has-text-align-center\" data-align=\"center\">NO<\/td><td class=\"has-text-align-center\" data-align=\"center\">SI<\/td><td class=\"has-text-align-center\" data-align=\"center\">NO<\/td><td class=\"has-text-align-center\" data-align=\"center\"><\/td><\/tr><tr><td>Dibujo 2<\/td><td class=\"has-text-align-center\" data-align=\"center\">2<\/td><td class=\"has-text-align-center\" data-align=\"center\">NO<\/td><td class=\"has-text-align-center\" data-align=\"center\">SI<\/td><td class=\"has-text-align-center\" data-align=\"center\">NO<\/td><td class=\"has-text-align-center\" data-align=\"center\"><\/td><\/tr><tr><td>Pintura 2<\/td><td class=\"has-text-align-center\" data-align=\"center\">2<\/td><td class=\"has-text-align-center\" data-align=\"center\">NO<\/td><td class=\"has-text-align-center\" data-align=\"center\">SI<\/td><td class=\"has-text-align-center\" data-align=\"center\">NO<\/td><td class=\"has-text-align-center\" data-align=\"center\"><\/td><\/tr><tr><td>Escultura 2<\/td><td class=\"has-text-align-center\" data-align=\"center\">2<\/td><td class=\"has-text-align-center\" data-align=\"center\">NO<\/td><td class=\"has-text-align-center\" data-align=\"center\">SI<\/td><td class=\"has-text-align-center\" data-align=\"center\">NO<\/td><td class=\"has-text-align-center\" data-align=\"center\"><\/td><\/tr><tr><td>Grabado y Arte Impreso 2<\/td><td class=\"has-text-align-center\" data-align=\"center\">2<\/td><td class=\"has-text-align-center\" data-align=\"center\">NO<\/td><td class=\"has-text-align-center\" data-align=\"center\">SI<\/td><td class=\"has-text-align-center\" data-align=\"center\">NO<\/td><td class=\"has-text-align-center\" data-align=\"center\"><\/td><\/tr><tr><td>Historia de las Artes Visuales 2<\/td><td class=\"has-text-align-center\" data-align=\"center\">2<\/td><td class=\"has-text-align-center\" data-align=\"center\">SI<\/td><td class=\"has-text-align-center\" data-align=\"center\">NO<\/td><td class=\"has-text-align-center\" data-align=\"center\">SI<\/td><td class=\"has-text-align-center\" data-align=\"center\"><\/td><\/tr><tr><td>Pr\u00e1ctica Docente 2<\/td><td class=\"has-text-align-center\" data-align=\"center\">3<\/td><td class=\"has-text-align-center\" data-align=\"center\">NO<\/td><td class=\"has-text-align-center\" data-align=\"center\">SI<\/td><td class=\"has-text-align-center\" data-align=\"center\">NO<\/td><td class=\"has-text-align-center\" data-align=\"center\"><\/td><\/tr><tr><td>Psicolog\u00eda de la Educaci\u00f3n<\/td><td class=\"has-text-align-center\" data-align=\"center\">2<\/td><td class=\"has-text-align-center\" data-align=\"center\">SI<\/td><td class=\"has-text-align-center\" data-align=\"center\">NO<\/td><td class=\"has-text-align-center\" data-align=\"center\">SI<\/td><td class=\"has-text-align-center\" data-align=\"center\"><\/td><\/tr><tr><td>Did\u00e1ctica General<\/td><td class=\"has-text-align-center\" data-align=\"center\">2<\/td><td class=\"has-text-align-center\" data-align=\"center\">SI<\/td><td class=\"has-text-align-center\" data-align=\"center\">NO<\/td><td class=\"has-text-align-center\" data-align=\"center\">SI<\/td><td class=\"has-text-align-center\" data-align=\"center\"><\/td><\/tr><tr><td>Historia Socio Pol\u00edtica<br>Latinoamericana y Argentina <\/td><td class=\"has-text-align-center\" data-align=\"center\">2<\/td><td class=\"has-text-align-center\" data-align=\"center\">SI<\/td><td class=\"has-text-align-center\" data-align=\"center\">SI<\/td><td class=\"has-text-align-center\" data-align=\"center\">NO<\/td><td class=\"has-text-align-center\" data-align=\"center\"><\/td><\/tr><\/tbody><\/table><figcaption class=\"wp-element-caption\"><strong>MODALIDAD DE CURSADA:<\/strong>&nbsp;<strong>PP<\/strong>&nbsp;(Presencialidad plena |&nbsp;<strong>PPC<\/strong>&nbsp;(Propuesta pedag\u00f3gica combinada)<br><strong>H:<\/strong>&nbsp;carga horaria semanal<br><strong>LIB:<\/strong>&nbsp;se puede rendir libre<br><strong>PR:<\/strong>&nbsp;se puede promocionar<br><strong>EF:<\/strong>&nbsp;se puede rendir final<br><strong>PRES<\/strong>: P (presencial), V ( Virtual), A (Asincr\u00f3nica), S (Sincr\u00f3nica)<\/figcaption><\/figure>\n\n\n\n<p><\/p>\n\n\n\n<p class=\"has-medium-font-size\"><strong>TERCER A\u00d1O<\/strong><\/p>\n\n\n\n<figure class=\"wp-block-table is-style-stripes\"><table><thead><tr><th>MATERIAS<\/th><th class=\"has-text-align-center\" data-align=\"center\">H<\/th><th class=\"has-text-align-center\" data-align=\"center\">LIB<\/th><th class=\"has-text-align-center\" data-align=\"center\">PR<\/th><th class=\"has-text-align-center\" data-align=\"center\">EF<\/th><th class=\"has-text-align-center\" data-align=\"center\">PRES<\/th><\/tr><\/thead><tbody><tr><td>Lenguaje Visual 3<\/td><td class=\"has-text-align-center\" data-align=\"center\">3<\/td><td class=\"has-text-align-center\" data-align=\"center\">NO<\/td><td class=\"has-text-align-center\" data-align=\"center\">SI<\/td><td class=\"has-text-align-center\" data-align=\"center\">NO<\/td><td class=\"has-text-align-center\" data-align=\"center\"><\/td><\/tr><tr><td>Dibujo 3<\/td><td class=\"has-text-align-center\" data-align=\"center\">2<\/td><td class=\"has-text-align-center\" data-align=\"center\">NO<\/td><td class=\"has-text-align-center\" data-align=\"center\">SI<\/td><td class=\"has-text-align-center\" data-align=\"center\">NO<\/td><td class=\"has-text-align-center\" data-align=\"center\"><\/td><\/tr><tr><td>Taller B\u00e1sico 1 <br>(se elige la especializaci\u00f3n G\/E\/P)<\/td><td class=\"has-text-align-center\" data-align=\"center\">5<\/td><td class=\"has-text-align-center\" data-align=\"center\">NO<\/td><td class=\"has-text-align-center\" data-align=\"center\">SI<\/td><td class=\"has-text-align-center\" data-align=\"center\">NO<\/td><td class=\"has-text-align-center\" data-align=\"center\"><\/td><\/tr><tr><td>Taller Complementario<\/td><td class=\"has-text-align-center\" data-align=\"center\">3<\/td><td class=\"has-text-align-center\" data-align=\"center\">NO<\/td><td class=\"has-text-align-center\" data-align=\"center\">SI<\/td><td class=\"has-text-align-center\" data-align=\"center\">NO<\/td><td class=\"has-text-align-center\" data-align=\"center\"><\/td><\/tr><tr><td>Medios Audiovisuales e Imagen Digital<\/td><td class=\"has-text-align-center\" data-align=\"center\">2<\/td><td class=\"has-text-align-center\" data-align=\"center\">SI<\/td><td class=\"has-text-align-center\" data-align=\"center\">SI<\/td><td class=\"has-text-align-center\" data-align=\"center\">NO<\/td><td class=\"has-text-align-center\" data-align=\"center\"><\/td><\/tr><tr><td>Historia de las Artes Visuales 3<\/td><td class=\"has-text-align-center\" data-align=\"center\">2<\/td><td class=\"has-text-align-center\" data-align=\"center\">SI<\/td><td class=\"has-text-align-center\" data-align=\"center\">NO<\/td><td class=\"has-text-align-center\" data-align=\"center\">SI<\/td><td class=\"has-text-align-center\" data-align=\"center\"><\/td><\/tr><tr><td>Did\u00e1ctica de las Artes Visuales 1<\/td><td class=\"has-text-align-center\" data-align=\"center\">2<\/td><td class=\"has-text-align-center\" data-align=\"center\">SI<\/td><td class=\"has-text-align-center\" data-align=\"center\">NO<\/td><td class=\"has-text-align-center\" data-align=\"center\">SI<\/td><td class=\"has-text-align-center\" data-align=\"center\"><\/td><\/tr><tr><td>Pr\u00e1ctica Docente 3<\/td><td class=\"has-text-align-center\" data-align=\"center\">4<\/td><td class=\"has-text-align-center\" data-align=\"center\">NO<\/td><td class=\"has-text-align-center\" data-align=\"center\">SI<\/td><td class=\"has-text-align-center\" data-align=\"center\">NO<\/td><td class=\"has-text-align-center\" data-align=\"center\"><\/td><\/tr><tr><td>Pol\u00edtica Docente 3<\/td><td class=\"has-text-align-center\" data-align=\"center\">2<\/td><td class=\"has-text-align-center\" data-align=\"center\">SI<\/td><td class=\"has-text-align-center\" data-align=\"center\">NO<\/td><td class=\"has-text-align-center\" data-align=\"center\">SI<\/td><td class=\"has-text-align-center\" data-align=\"center\"><\/td><\/tr><tr><td>Teor\u00edas del Arte 1<\/td><td class=\"has-text-align-center\" data-align=\"center\">2<\/td><td class=\"has-text-align-center\" data-align=\"center\">SI<\/td><td class=\"has-text-align-center\" data-align=\"center\">SI<\/td><td class=\"has-text-align-center\" data-align=\"center\">NO<\/td><td class=\"has-text-align-center\" data-align=\"center\"><\/td><\/tr><\/tbody><\/table><figcaption class=\"wp-element-caption\"><strong>MODALIDAD DE CURSADA:<\/strong>&nbsp;<strong>PP<\/strong>&nbsp;(Presencialidad plena |&nbsp;<strong>PPC<\/strong>&nbsp;(Propuesta pedag\u00f3gica combinada)<br><strong>H:<\/strong>&nbsp;carga horaria semanal<br><strong>LIB:<\/strong>&nbsp;se puede rendir libre<br><strong>PR:<\/strong>&nbsp;se puede promocionar<br><strong>EF:<\/strong>&nbsp;se puede rendir final<br><strong>PRES<\/strong>: P (presencial), V ( Virtual), A (Asincr\u00f3nica), S (Sincr\u00f3nica)<\/figcaption><\/figure>\n\n\n\n<p><\/p>\n\n\n\n<p class=\"has-medium-font-size\"><strong>CUARTO A\u00d1O<\/strong><\/p>\n\n\n\n<figure class=\"wp-block-table is-style-stripes\"><table><thead><tr><th>MATERIAS<\/th><th class=\"has-text-align-center\" data-align=\"center\">H<\/th><th class=\"has-text-align-center\" data-align=\"center\">LIB<\/th><th class=\"has-text-align-center\" data-align=\"center\">PR<\/th><th class=\"has-text-align-center\" data-align=\"center\">EF<\/th><th class=\"has-text-align-center\" data-align=\"center\">PRES<\/th><\/tr><\/thead><tbody><tr><td>Taller B\u00e1sico 2<\/td><td class=\"has-text-align-center\" data-align=\"center\">5<\/td><td class=\"has-text-align-center\" data-align=\"center\">NO<\/td><td class=\"has-text-align-center\" data-align=\"center\">SI<\/td><td class=\"has-text-align-center\" data-align=\"center\">NO<\/td><td class=\"has-text-align-center\" data-align=\"center\"><\/td><\/tr><tr><td>Dibujo 4<\/td><td class=\"has-text-align-center\" data-align=\"center\">2<\/td><td class=\"has-text-align-center\" data-align=\"center\">NO<\/td><td class=\"has-text-align-center\" data-align=\"center\">SI<\/td><td class=\"has-text-align-center\" data-align=\"center\">NO<\/td><td class=\"has-text-align-center\" data-align=\"center\"><\/td><\/tr><tr><td>Taller Complementario<\/td><td class=\"has-text-align-center\" data-align=\"center\">3<\/td><td class=\"has-text-align-center\" data-align=\"center\">NO<\/td><td class=\"has-text-align-center\" data-align=\"center\">SI<\/td><td class=\"has-text-align-center\" data-align=\"center\">NO<\/td><td class=\"has-text-align-center\" data-align=\"center\"><\/td><\/tr><tr><td>Artes Complementario<\/td><td class=\"has-text-align-center\" data-align=\"center\">2<\/td><td class=\"has-text-align-center\" data-align=\"center\">NO<\/td><td class=\"has-text-align-center\" data-align=\"center\">SI<\/td><td class=\"has-text-align-center\" data-align=\"center\">NO<\/td><td class=\"has-text-align-center\" data-align=\"center\"><\/td><\/tr><tr><td>Did\u00e1ctica de las Artes Visuales 2<\/td><td class=\"has-text-align-center\" data-align=\"center\">2<\/td><td class=\"has-text-align-center\" data-align=\"center\">SI<\/td><td class=\"has-text-align-center\" data-align=\"center\">NO<\/td><td class=\"has-text-align-center\" data-align=\"center\">SI<\/td><td class=\"has-text-align-center\" data-align=\"center\"><\/td><\/tr><tr><td>Pr\u00e1ctica Docente 4<\/td><td class=\"has-text-align-center\" data-align=\"center\">4<\/td><td class=\"has-text-align-center\" data-align=\"center\">NO<\/td><td class=\"has-text-align-center\" data-align=\"center\">SI<\/td><td class=\"has-text-align-center\" data-align=\"center\">NO<\/td><td class=\"has-text-align-center\" data-align=\"center\"><\/td><\/tr><tr><td>Teor\u00edas del Arte 2<\/td><td class=\"has-text-align-center\" data-align=\"center\">2<\/td><td class=\"has-text-align-center\" data-align=\"center\">SI<\/td><td class=\"has-text-align-center\" data-align=\"center\">NO<\/td><td class=\"has-text-align-center\" data-align=\"center\">SI<\/td><td class=\"has-text-align-center\" data-align=\"center\"><\/td><\/tr><tr><td>Metodolog\u00eda de la Investigaci\u00f3n<br>en Artes<\/td><td class=\"has-text-align-center\" data-align=\"center\">3<\/td><td class=\"has-text-align-center\" data-align=\"center\">NO<\/td><td class=\"has-text-align-center\" data-align=\"center\">SI<\/td><td class=\"has-text-align-center\" data-align=\"center\">NO<\/td><td class=\"has-text-align-center\" data-align=\"center\"><\/td><\/tr><tr><td>EDI: Espacio de Definici\u00f3n Institucional<br>Arte Argentino<\/td><td class=\"has-text-align-center\" data-align=\"center\">4<\/td><td class=\"has-text-align-center\" data-align=\"center\">SI<\/td><td class=\"has-text-align-center\" data-align=\"center\">SI<\/td><td class=\"has-text-align-center\" data-align=\"center\">NO<\/td><td class=\"has-text-align-center\" data-align=\"center\"><\/td><\/tr><tr><td>EDI: Espacio de la Definici\u00f3n Institucional<br>Cer\u00e1mica<\/td><td class=\"has-text-align-center\" data-align=\"center\">4<\/td><td class=\"has-text-align-center\" data-align=\"center\">NO<\/td><td class=\"has-text-align-center\" data-align=\"center\">SI<\/td><td class=\"has-text-align-center\" data-align=\"center\">NO<\/td><td class=\"has-text-align-center\" data-align=\"center\"><\/td><\/tr><\/tbody><\/table><figcaption class=\"wp-element-caption\"><strong>MODALIDAD DE CURSADA:<\/strong>&nbsp;<strong>PP<\/strong>&nbsp;(Presencialidad plena |&nbsp;<strong>PPC<\/strong>&nbsp;(Propuesta pedag\u00f3gica combinada)<br><strong>H:<\/strong>&nbsp;carga horaria semanal<br><strong>LIB:<\/strong>&nbsp;se puede rendir libre<br><strong>PR:<\/strong>&nbsp;se puede promocionar<br><strong>EF:<\/strong>&nbsp;se puede rendir final<br><strong>PRES<\/strong>: P (presencial), V ( Virtual), A (Asincr\u00f3nica), S (Sincr\u00f3nica)<\/figcaption><\/figure>\n\n\n\n<p><\/p>\n","protected":false},"excerpt":{"rendered":"<p>PROFESORADO DE ARTES VISUALES CON ORIENTACI\u00d3N EN GRABADO, ESCULTURA O PINTURA El Profesorado en Artes Visuales forma docentes especializados en la ense\u00f1anza de los lenguajes visuales, promoviendo la producci\u00f3n art\u00edstica, la reflexi\u00f3n cr\u00edtica y el desarrollo de propuestas pedag\u00f3gicas significativas. La carrera articula saberes art\u00edsticos, t\u00e9cnicos y educativos, fortaleciendo el v\u00ednculo entre imagen, sociedad y &#8230; <a title=\"Plan de Estudio PAV\" class=\"read-more\" href=\"https:\/\/eavberni-bue.infd.edu.ar\/sitio\/plan-de-estudio-pav\/\" aria-label=\"More on Plan de Estudio PAV\">[+]<\/a><\/p>\n","protected":false},"author":73,"featured_media":0,"parent":0,"menu_order":0,"comment_status":"closed","ping_status":"closed","template":"","meta":[],"acf":[],"_links":{"self":[{"href":"https:\/\/eavberni-bue.infd.edu.ar\/sitio\/wp-json\/wp\/v2\/pages\/1522"}],"collection":[{"href":"https:\/\/eavberni-bue.infd.edu.ar\/sitio\/wp-json\/wp\/v2\/pages"}],"about":[{"href":"https:\/\/eavberni-bue.infd.edu.ar\/sitio\/wp-json\/wp\/v2\/types\/page"}],"author":[{"embeddable":true,"href":"https:\/\/eavberni-bue.infd.edu.ar\/sitio\/wp-json\/wp\/v2\/users\/73"}],"replies":[{"embeddable":true,"href":"https:\/\/eavberni-bue.infd.edu.ar\/sitio\/wp-json\/wp\/v2\/comments?post=1522"}],"version-history":[{"count":3,"href":"https:\/\/eavberni-bue.infd.edu.ar\/sitio\/wp-json\/wp\/v2\/pages\/1522\/revisions"}],"predecessor-version":[{"id":1532,"href":"https:\/\/eavberni-bue.infd.edu.ar\/sitio\/wp-json\/wp\/v2\/pages\/1522\/revisions\/1532"}],"wp:attachment":[{"href":"https:\/\/eavberni-bue.infd.edu.ar\/sitio\/wp-json\/wp\/v2\/media?parent=1522"}],"curies":[{"name":"wp","href":"https:\/\/api.w.org\/{rel}","templated":true}]}}