{"id":1516,"date":"2025-12-27T08:55:04","date_gmt":"2025-12-27T11:55:04","guid":{"rendered":"https:\/\/eavberni-bue.infd.edu.ar\/sitio\/?page_id=1516"},"modified":"2026-03-18T18:23:50","modified_gmt":"2026-03-18T21:23:50","slug":"plan-de-estudio-tis","status":"publish","type":"page","link":"https:\/\/eavberni-bue.infd.edu.ar\/sitio\/plan-de-estudio-tis\/","title":{"rendered":"Plan de Estudio TIS"},"content":{"rendered":"\n<p class=\"has-x-large-font-size\"><strong>TECNICATURA EN ILUSTRACI\u00d3N<\/strong><\/p>\n\n\n\n<p>La Tecnicatura en Ilustraci\u00f3n es una disciplina orientada a la comunicaci\u00f3n visual y la representaci\u00f3n gr\u00e1fica de ideas, conceptos y relatos, mediante el uso de diversos lenguajes, t\u00e9cnicas y soportes tradicionales y digitales. La carrera forma profesionales capaces de crear im\u00e1genes ilustradas con sentido expresivo y comunicacional, investigar la relaci\u00f3n de la ilustraci\u00f3n con la cultura y la sociedad, y desarrollar producciones visuales aplicadas a \u00e1mbitos editoriales, educativos, art\u00edsticos y comunicacionales.<\/p>\n\n\n\n<p><strong>Requisitos de ingreso (sujetos a modificaci\u00f3n):<\/strong><\/p>\n\n\n\n<ol>\n<li>Planilla Completa con Datos Personales<\/li>\n\n\n\n<li>Fotocopia de DNI<\/li>\n\n\n\n<li>Fotocopia de Titulo Secundario \/ Constancia de titulo en tr\u00e1mite o Constancia de alumno regular si adeudar materias<\/li>\n\n\n\n<li>Carpeta de 3 solapas color rosa<\/li>\n\n\n\n<li>Ficha Medica<\/li>\n\n\n\n<li>Foto 4&#215;4<\/li>\n<\/ol>\n\n\n\n<p class=\"has-text-color\" style=\"color:#ff0000\">NO SE QUEDARA INSCRIPTO QU\u00cdEN NO ENTREGUE LA DOCUMENTACI\u00d3N DE LOS PRIMEROS 4 PUNTOS<\/p>\n\n\n\n<p class=\"has-x-large-font-size\"><strong>TECNICATURA EN ILUSTRACI\u00d3N<\/strong><\/p>\n\n\n\n<p class=\"has-medium-font-size\"><strong>T\u00cdTULO: T\u00c9CNICO EN<\/strong> <strong>ILUSTRACI\u00d3N<\/strong><\/p>\n\n\n\n<p class=\"has-text-color has-medium-font-size\" style=\"color:#ff0000\"><strong>ASISTENCIA DEL 80% DE LAS CLASES<\/strong><\/p>\n\n\n\n<p class=\"has-medium-font-size\"><strong>PRIMER A\u00d1O<\/strong><\/p>\n\n\n\n<figure class=\"wp-block-table is-style-stripes\"><table><thead><tr><th>MATERIAS<\/th><th class=\"has-text-align-center\" data-align=\"center\">H<\/th><th class=\"has-text-align-center\" data-align=\"center\">LIB<\/th><th class=\"has-text-align-center\" data-align=\"center\">PR<\/th><th class=\"has-text-align-center\" data-align=\"center\">EF<\/th><th class=\"has-text-align-center\" data-align=\"center\">PRES<\/th><\/tr><\/thead><tbody><tr><td>Tipograf\u00eda<\/td><td class=\"has-text-align-center\" data-align=\"center\">2<\/td><td class=\"has-text-align-center\" data-align=\"center\">NO<\/td><td class=\"has-text-align-center\" data-align=\"center\">NO<\/td><td class=\"has-text-align-center\" data-align=\"center\">SI<\/td><td class=\"has-text-align-center\" data-align=\"center\"><\/td><\/tr><tr><td>Gra. Asis. por Computadora1<\/td><td class=\"has-text-align-center\" data-align=\"center\">2<\/td><td class=\"has-text-align-center\" data-align=\"center\">NO<\/td><td class=\"has-text-align-center\" data-align=\"center\">NO<\/td><td class=\"has-text-align-center\" data-align=\"center\">SI<\/td><td class=\"has-text-align-center\" data-align=\"center\"><\/td><\/tr><tr><td>Dibujo 1<\/td><td class=\"has-text-align-center\" data-align=\"center\">2<\/td><td class=\"has-text-align-center\" data-align=\"center\">NO<\/td><td class=\"has-text-align-center\" data-align=\"center\">SI<\/td><td class=\"has-text-align-center\" data-align=\"center\">SI<\/td><td class=\"has-text-align-center\" data-align=\"center\"><\/td><\/tr><tr><td>T\u00e9cnicas Bidimensionales de<br>Ilustraci\u00f3n 1<\/td><td class=\"has-text-align-center\" data-align=\"center\">2<\/td><td class=\"has-text-align-center\" data-align=\"center\">NO<\/td><td class=\"has-text-align-center\" data-align=\"center\">SI<\/td><td class=\"has-text-align-center\" data-align=\"center\">SI<\/td><td class=\"has-text-align-center\" data-align=\"center\"><\/td><\/tr><tr><td>Percepci\u00f3n Visual<\/td><td class=\"has-text-align-center\" data-align=\"center\">2<\/td><td class=\"has-text-align-center\" data-align=\"center\">NO<\/td><td class=\"has-text-align-center\" data-align=\"center\">SI<\/td><td class=\"has-text-align-center\" data-align=\"center\">SI<\/td><td class=\"has-text-align-center\" data-align=\"center\"><\/td><\/tr><tr><td>Taller de Texto<\/td><td class=\"has-text-align-center\" data-align=\"center\">2<\/td><td class=\"has-text-align-center\" data-align=\"center\">NO<\/td><td class=\"has-text-align-center\" data-align=\"center\">NO<\/td><td class=\"has-text-align-center\" data-align=\"center\">SI<\/td><td class=\"has-text-align-center\" data-align=\"center\"><\/td><\/tr><tr><td>Historia del Arte y el Dise\u00f1o<\/td><td class=\"has-text-align-center\" data-align=\"center\">2<\/td><td class=\"has-text-align-center\" data-align=\"center\">NO<\/td><td class=\"has-text-align-center\" data-align=\"center\">NO<\/td><td class=\"has-text-align-center\" data-align=\"center\">SI<\/td><td class=\"has-text-align-center\" data-align=\"center\"><\/td><\/tr><tr><td>Comunicaci\u00f3n<\/td><td class=\"has-text-align-center\" data-align=\"center\">2<\/td><td class=\"has-text-align-center\" data-align=\"center\">NO<\/td><td class=\"has-text-align-center\" data-align=\"center\">NO<\/td><td class=\"has-text-align-center\" data-align=\"center\">SI<\/td><td class=\"has-text-align-center\" data-align=\"center\"><\/td><\/tr><tr><td>Taller de Ilustraci\u00f3n 1<\/td><td class=\"has-text-align-center\" data-align=\"center\">5<\/td><td class=\"has-text-align-center\" data-align=\"center\">NO<\/td><td class=\"has-text-align-center\" data-align=\"center\">SI<\/td><td class=\"has-text-align-center\" data-align=\"center\">NO<\/td><td class=\"has-text-align-center\" data-align=\"center\"><\/td><\/tr><\/tbody><\/table><figcaption class=\"wp-element-caption\"><strong>MODALIDAD DE CURSADA:<\/strong>&nbsp;<strong>PP<\/strong>&nbsp;(Presencialidad plena |&nbsp;<strong>PPC<\/strong>&nbsp;(Propuesta pedag\u00f3gica combinada)<br><strong>H:<\/strong>&nbsp;carga horaria semanal<br><strong>LIB:<\/strong>&nbsp;se puede rendir libre<br><strong>PR:<\/strong>&nbsp;se puede promocionar<br><strong>EF:<\/strong>&nbsp;se puede rendir final<br><strong>PRES<\/strong>: P (presencial), V ( Virtual), A (Asincr\u00f3nica), S (Sincr\u00f3nica)<\/figcaption><\/figure>\n\n\n\n<p><\/p>\n\n\n\n<p class=\"has-medium-font-size\"><strong>SEGUNDO A\u00d1O<\/strong><\/p>\n\n\n\n<figure class=\"wp-block-table is-style-stripes\"><table><thead><tr><th class=\"has-text-align-left\" data-align=\"left\">MATERIAS<\/th><th class=\"has-text-align-center\" data-align=\"center\">H<\/th><th class=\"has-text-align-center\" data-align=\"center\">LIB<\/th><th class=\"has-text-align-center\" data-align=\"center\">PR<\/th><th class=\"has-text-align-center\" data-align=\"center\">EF<\/th><th class=\"has-text-align-center\" data-align=\"center\">PRES<\/th><\/tr><\/thead><tbody><tr><td class=\"has-text-align-left\" data-align=\"left\">Dibujo 2<\/td><td class=\"has-text-align-center\" data-align=\"center\">2<\/td><td class=\"has-text-align-center\" data-align=\"center\">NO<\/td><td class=\"has-text-align-center\" data-align=\"center\">SI<\/td><td class=\"has-text-align-center\" data-align=\"center\">SI<\/td><td class=\"has-text-align-center\" data-align=\"center\"><\/td><\/tr><tr><td class=\"has-text-align-left\" data-align=\"left\">Tecnolog\u00eda 1<\/td><td class=\"has-text-align-center\" data-align=\"center\">2<\/td><td class=\"has-text-align-center\" data-align=\"center\">NO<\/td><td class=\"has-text-align-center\" data-align=\"center\">NO<\/td><td class=\"has-text-align-center\" data-align=\"center\">SI<\/td><td class=\"has-text-align-center\" data-align=\"center\"><\/td><\/tr><tr><td class=\"has-text-align-left\" data-align=\"left\">Graf. Asis. Por Computadora 2<\/td><td class=\"has-text-align-center\" data-align=\"center\">2<\/td><td class=\"has-text-align-center\" data-align=\"center\">NO<\/td><td class=\"has-text-align-center\" data-align=\"center\">NO<\/td><td class=\"has-text-align-center\" data-align=\"center\">SI<\/td><td class=\"has-text-align-center\" data-align=\"center\"><\/td><\/tr><tr><td class=\"has-text-align-left\" data-align=\"left\">T\u00e9cnicas Bidimensionales de <br>Ilustraci\u00f3n 1<\/td><td class=\"has-text-align-center\" data-align=\"center\">2<\/td><td class=\"has-text-align-center\" data-align=\"center\">NO<\/td><td class=\"has-text-align-center\" data-align=\"center\">SI<\/td><td class=\"has-text-align-center\" data-align=\"center\">SI<\/td><td class=\"has-text-align-center\" data-align=\"center\"><\/td><\/tr><tr><td class=\"has-text-align-left\" data-align=\"left\">Semiolog\u00eda de la Imagen<\/td><td class=\"has-text-align-center\" data-align=\"center\">2<\/td><td class=\"has-text-align-center\" data-align=\"center\">NO<\/td><td class=\"has-text-align-center\" data-align=\"center\">NO<\/td><td class=\"has-text-align-center\" data-align=\"center\">SI<\/td><td class=\"has-text-align-center\" data-align=\"center\"><\/td><\/tr><tr><td class=\"has-text-align-left\" data-align=\"left\">Taller de Sonido<\/td><td class=\"has-text-align-center\" data-align=\"center\">2<\/td><td class=\"has-text-align-center\" data-align=\"center\">NO<\/td><td class=\"has-text-align-center\" data-align=\"center\">SI<\/td><td class=\"has-text-align-center\" data-align=\"center\">NO<\/td><td class=\"has-text-align-center\" data-align=\"center\"><\/td><\/tr><tr><td class=\"has-text-align-left\" data-align=\"left\">Historia de la Ilustraci\u00f3n 1<\/td><td class=\"has-text-align-center\" data-align=\"center\">2<\/td><td class=\"has-text-align-center\" data-align=\"center\">NO<\/td><td class=\"has-text-align-center\" data-align=\"center\">NO<\/td><td class=\"has-text-align-center\" data-align=\"center\">SI<\/td><td class=\"has-text-align-center\" data-align=\"center\"><\/td><\/tr><tr><td class=\"has-text-align-left\" data-align=\"left\">Espacio de Definici\u00f3n <br>Institucional<\/td><td class=\"has-text-align-center\" data-align=\"center\">2<\/td><td class=\"has-text-align-center\" data-align=\"center\">NO<\/td><td class=\"has-text-align-center\" data-align=\"center\">SI<\/td><td class=\"has-text-align-center\" data-align=\"center\">SI<\/td><td class=\"has-text-align-center\" data-align=\"center\"><\/td><\/tr><tr><td class=\"has-text-align-left\" data-align=\"left\">Taller de Ilustraci\u00f3n 2<\/td><td class=\"has-text-align-center\" data-align=\"center\">5<\/td><td class=\"has-text-align-center\" data-align=\"center\">NO<\/td><td class=\"has-text-align-center\" data-align=\"center\">NO<\/td><td class=\"has-text-align-center\" data-align=\"center\">SI<\/td><td class=\"has-text-align-center\" data-align=\"center\"><\/td><\/tr><\/tbody><\/table><figcaption class=\"wp-element-caption\"><strong>MODALIDAD DE CURSADA:<\/strong>&nbsp;<strong>PP<\/strong>&nbsp;(Presencialidad plena |&nbsp;<strong>PPC<\/strong>&nbsp;(Propuesta pedag\u00f3gica combinada)<br><strong>H:<\/strong>&nbsp;carga horaria semanal<br><strong>LIB:<\/strong>&nbsp;se puede rendir libre<br><strong>PR:<\/strong>&nbsp;se puede promocionar<br><strong>EF:<\/strong>&nbsp;se puede rendir final<br><strong>PRES<\/strong>: P (presencial), V ( Virtual), A (Asincr\u00f3nica), S (Sincr\u00f3nica)<\/figcaption><\/figure>\n\n\n\n<p><\/p>\n\n\n\n<p class=\"has-medium-font-size\"><strong>TERCER A\u00d1O<\/strong><\/p>\n\n\n\n<figure class=\"wp-block-table is-style-stripes\"><table><thead><tr><th>MATERIAS<\/th><th class=\"has-text-align-center\" data-align=\"center\">H<\/th><th class=\"has-text-align-center\" data-align=\"center\">LIB<\/th><th class=\"has-text-align-center\" data-align=\"center\">PR<\/th><th class=\"has-text-align-center\" data-align=\"center\">EF<\/th><th class=\"has-text-align-center\" data-align=\"center\">PRES<\/th><\/tr><\/thead><tbody><tr><td>Dibujo 3<\/td><td class=\"has-text-align-center\" data-align=\"center\">2<\/td><td class=\"has-text-align-center\" data-align=\"center\">NO<\/td><td class=\"has-text-align-center\" data-align=\"center\">SI<\/td><td class=\"has-text-align-center\" data-align=\"center\">SI<\/td><td class=\"has-text-align-center\" data-align=\"center\"><\/td><\/tr><tr><td>Fotograf\u00eda<\/td><td class=\"has-text-align-center\" data-align=\"center\">2<\/td><td class=\"has-text-align-center\" data-align=\"center\">NO<\/td><td class=\"has-text-align-center\" data-align=\"center\">SI<\/td><td class=\"has-text-align-center\" data-align=\"center\">SI<\/td><td class=\"has-text-align-center\" data-align=\"center\"><\/td><\/tr><tr><td>Imagen Digital<\/td><td class=\"has-text-align-center\" data-align=\"center\">2<\/td><td class=\"has-text-align-center\" data-align=\"center\">NO<\/td><td class=\"has-text-align-center\" data-align=\"center\">SI<\/td><td class=\"has-text-align-center\" data-align=\"center\">NO<\/td><td class=\"has-text-align-center\" data-align=\"center\"><\/td><\/tr><tr><td>T\u00e9cnicas Tridimensionales de<br>Ilustraci\u00f3n 2<\/td><td class=\"has-text-align-center\" data-align=\"center\">2<\/td><td class=\"has-text-align-center\" data-align=\"center\">NO<\/td><td class=\"has-text-align-center\" data-align=\"center\">SI<\/td><td class=\"has-text-align-center\" data-align=\"center\">SI<\/td><td class=\"has-text-align-center\" data-align=\"center\"><\/td><\/tr><tr><td>Sociolog\u00eda de la Comunicaci\u00f3n<\/td><td class=\"has-text-align-center\" data-align=\"center\">2<\/td><td class=\"has-text-align-center\" data-align=\"center\">NO<\/td><td class=\"has-text-align-center\" data-align=\"center\">NO<\/td><td class=\"has-text-align-center\" data-align=\"center\">SI<\/td><td class=\"has-text-align-center\" data-align=\"center\"><\/td><\/tr><tr><td>\u00c9tica y Legislaci\u00f3n<\/td><td class=\"has-text-align-center\" data-align=\"center\">2<\/td><td class=\"has-text-align-center\" data-align=\"center\">NO<\/td><td class=\"has-text-align-center\" data-align=\"center\">SI<\/td><td class=\"has-text-align-center\" data-align=\"center\">NO<\/td><td class=\"has-text-align-center\" data-align=\"center\"><\/td><\/tr><tr><td>Espacio de Definici\u00f3n<br>Institucional <\/td><td class=\"has-text-align-center\" data-align=\"center\">2<\/td><td class=\"has-text-align-center\" data-align=\"center\">NO<\/td><td class=\"has-text-align-center\" data-align=\"center\">SI<\/td><td class=\"has-text-align-center\" data-align=\"center\">SI<\/td><td class=\"has-text-align-center\" data-align=\"center\"><\/td><\/tr><tr><td>Taller de Ilustraci\u00f3n 3<\/td><td class=\"has-text-align-center\" data-align=\"center\">7<\/td><td class=\"has-text-align-center\" data-align=\"center\">NO<\/td><td class=\"has-text-align-center\" data-align=\"center\">NO<\/td><td class=\"has-text-align-center\" data-align=\"center\">SI<\/td><td class=\"has-text-align-center\" data-align=\"center\"><\/td><\/tr><\/tbody><\/table><figcaption class=\"wp-element-caption\"><strong>MODALIDAD DE CURSADA:<\/strong>&nbsp;<strong>PP<\/strong>&nbsp;(Presencialidad plena |&nbsp;<strong>PPC<\/strong>&nbsp;(Propuesta pedag\u00f3gica combinada)<br><strong>H:<\/strong>&nbsp;carga horaria semanal<br><strong>LIB:<\/strong>&nbsp;se puede rendir libre<br><strong>PR:<\/strong>&nbsp;se puede promocionar<br><strong>EF:<\/strong>&nbsp;se puede rendir final<br><strong>PRES<\/strong>: P (presencial), V ( Virtual), A (Asincr\u00f3nica), S (Sincr\u00f3nica)<\/figcaption><\/figure>\n\n\n\n<p><\/p>\n\n\n\n<p><strong>TITULO:<\/strong> <strong>IUSTRADOR PROFESIONAL<\/strong><\/p>\n\n\n\n<p class=\"has-medium-font-size\"><strong>CUARTO A\u00d1O<\/strong><\/p>\n\n\n\n<figure class=\"wp-block-table is-style-stripes\"><table><thead><tr><th>MATERIAS<\/th><th class=\"has-text-align-center\" data-align=\"center\">H<\/th><th class=\"has-text-align-center\" data-align=\"center\">LIB<\/th><th class=\"has-text-align-center\" data-align=\"center\">PR<\/th><th class=\"has-text-align-center\" data-align=\"center\">EF<\/th><th class=\"has-text-align-center\" data-align=\"center\">PRES<\/th><\/tr><\/thead><tbody><tr><td>Espacio de Especializaci\u00f3n 1<\/td><td class=\"has-text-align-center\" data-align=\"center\">3<\/td><td class=\"has-text-align-center\" data-align=\"center\">NO<\/td><td class=\"has-text-align-center\" data-align=\"center\">NO<\/td><td class=\"has-text-align-center\" data-align=\"center\">SI<\/td><td class=\"has-text-align-center\" data-align=\"center\"><\/td><\/tr><tr><td>Espacio de Especializaci\u00f3n 2<\/td><td class=\"has-text-align-center\" data-align=\"center\">3<\/td><td class=\"has-text-align-center\" data-align=\"center\">NO<\/td><td class=\"has-text-align-center\" data-align=\"center\">NO<\/td><td class=\"has-text-align-center\" data-align=\"center\">SI<\/td><td class=\"has-text-align-center\" data-align=\"center\"><\/td><\/tr><tr><td>Espacio de Especializaci\u00f3n 3<\/td><td class=\"has-text-align-center\" data-align=\"center\">3<\/td><td class=\"has-text-align-center\" data-align=\"center\">NO<\/td><td class=\"has-text-align-center\" data-align=\"center\">NO<\/td><td class=\"has-text-align-center\" data-align=\"center\">SI<\/td><td class=\"has-text-align-center\" data-align=\"center\"><\/td><\/tr><tr><td>Arte, Cultura y Est\u00e9tica en el<br>Mundo Contempor\u00e1neo<\/td><td class=\"has-text-align-center\" data-align=\"center\">3<\/td><td class=\"has-text-align-center\" data-align=\"center\">NO<\/td><td class=\"has-text-align-center\" data-align=\"center\">NO<\/td><td class=\"has-text-align-center\" data-align=\"center\">SI<\/td><td class=\"has-text-align-center\" data-align=\"center\"><\/td><\/tr><tr><td>Taller de Especializaci\u00f3n Aplicada<\/td><td class=\"has-text-align-center\" data-align=\"center\">3<\/td><td class=\"has-text-align-center\" data-align=\"center\">NO<\/td><td class=\"has-text-align-center\" data-align=\"center\">SI<\/td><td class=\"has-text-align-center\" data-align=\"center\">NO<\/td><td class=\"has-text-align-center\" data-align=\"center\"><\/td><\/tr><\/tbody><\/table><figcaption class=\"wp-element-caption\"><strong>MODALIDAD DE CURSADA:<\/strong>&nbsp;<strong>PP<\/strong>&nbsp;(Presencialidad plena |&nbsp;<strong>PPC<\/strong>&nbsp;(Propuesta pedag\u00f3gica combinada)<br><strong>H:<\/strong>&nbsp;carga horaria semanal<br><strong>LIB:<\/strong>&nbsp;se puede rendir libre<br><strong>PR:<\/strong>&nbsp;se puede promocionar<br><strong>EF:<\/strong>&nbsp;se puede rendir final<br><strong>PRES<\/strong>: P (presencial), V ( Virtual), A (Asincr\u00f3nica), S (Sincr\u00f3nica)<\/figcaption><\/figure>\n","protected":false},"excerpt":{"rendered":"<p>TECNICATURA EN ILUSTRACI\u00d3N La Tecnicatura en Ilustraci\u00f3n es una disciplina orientada a la comunicaci\u00f3n visual y la representaci\u00f3n gr\u00e1fica de ideas, conceptos y relatos, mediante el uso de diversos lenguajes, t\u00e9cnicas y soportes tradicionales y digitales. La carrera forma profesionales capaces de crear im\u00e1genes ilustradas con sentido expresivo y comunicacional, investigar la relaci\u00f3n de la &#8230; <a title=\"Plan de Estudio TIS\" class=\"read-more\" href=\"https:\/\/eavberni-bue.infd.edu.ar\/sitio\/plan-de-estudio-tis\/\" aria-label=\"More on Plan de Estudio TIS\">[+]<\/a><\/p>\n","protected":false},"author":73,"featured_media":0,"parent":0,"menu_order":0,"comment_status":"closed","ping_status":"closed","template":"","meta":[],"acf":[],"_links":{"self":[{"href":"https:\/\/eavberni-bue.infd.edu.ar\/sitio\/wp-json\/wp\/v2\/pages\/1516"}],"collection":[{"href":"https:\/\/eavberni-bue.infd.edu.ar\/sitio\/wp-json\/wp\/v2\/pages"}],"about":[{"href":"https:\/\/eavberni-bue.infd.edu.ar\/sitio\/wp-json\/wp\/v2\/types\/page"}],"author":[{"embeddable":true,"href":"https:\/\/eavberni-bue.infd.edu.ar\/sitio\/wp-json\/wp\/v2\/users\/73"}],"replies":[{"embeddable":true,"href":"https:\/\/eavberni-bue.infd.edu.ar\/sitio\/wp-json\/wp\/v2\/comments?post=1516"}],"version-history":[{"count":7,"href":"https:\/\/eavberni-bue.infd.edu.ar\/sitio\/wp-json\/wp\/v2\/pages\/1516\/revisions"}],"predecessor-version":[{"id":1622,"href":"https:\/\/eavberni-bue.infd.edu.ar\/sitio\/wp-json\/wp\/v2\/pages\/1516\/revisions\/1622"}],"wp:attachment":[{"href":"https:\/\/eavberni-bue.infd.edu.ar\/sitio\/wp-json\/wp\/v2\/media?parent=1516"}],"curies":[{"name":"wp","href":"https:\/\/api.w.org\/{rel}","templated":true}]}}