{"id":1510,"date":"2025-12-27T08:54:53","date_gmt":"2025-12-27T11:54:53","guid":{"rendered":"https:\/\/eavberni-bue.infd.edu.ar\/sitio\/?page_id=1510"},"modified":"2025-12-27T08:54:54","modified_gmt":"2025-12-27T11:54:54","slug":"plan-de-estudio-tdis","status":"publish","type":"page","link":"https:\/\/eavberni-bue.infd.edu.ar\/sitio\/plan-de-estudio-tdis\/","title":{"rendered":"Plan de Estudio TDIS"},"content":{"rendered":"\n<p class=\"has-x-large-font-size\"><strong>TECNICATURA SUPERIOR EN DISE\u00d1O,IMAGEN Y SONIDO<\/strong><\/p>\n\n\n\n<p>La Tecnicatura en Dise\u00f1o de Imagen y Sonido es una disciplina orientada a la producci\u00f3n y comunicaci\u00f3n audiovisual, que posibilita la creaci\u00f3n, registro y edici\u00f3n de im\u00e1genes y sonidos con fines expresivos, informativos y comunicacionales. A trav\u00e9s del uso de recursos t\u00e9cnicos, tecnol\u00f3gicos y creativos, la carrera forma profesionales capaces de desarrollar piezas audiovisuales, investigar la relaci\u00f3n entre imagen, sonido y sociedad, y transmitir mensajes de manera eficaz en distintos contextos culturales, educativos y comunicacionales.<\/p>\n\n\n\n<p><strong>Requisitos de ingreso (sujetos a modificaci\u00f3n):<\/strong><\/p>\n\n\n\n<ol>\n<li>Planilla Completa con Datos Personales<\/li>\n\n\n\n<li>Fotocopia de DNI<\/li>\n\n\n\n<li>Fotocopia de Titulo Secundario \/ Constancia de titulo en tr\u00e1mite o Constancia de alumno regular si adeudar materias<\/li>\n\n\n\n<li>Carpeta de 3 solapas color rosa<\/li>\n\n\n\n<li>Ficha Medica<\/li>\n\n\n\n<li>Foto 4&#215;4<\/li>\n<\/ol>\n\n\n\n<p class=\"has-text-color\" style=\"color:#ff0000\">NO SE QUEDARA INSCRIPTO QUIEN NO ENTREGUE LA DOCUMENTACI\u00d3N DE LOS PRIMEROS 4 PUNTOS<\/p>\n\n\n\n<p class=\"has-x-large-font-size\"><strong>TECNICATURA EN DISE\u00d1O, IMAGEN Y SONIDO<\/strong><\/p>\n\n\n\n<p class=\"has-medium-font-size\"><strong>T\u00cdTULO: T\u00c9CNICO EN DISE\u00d1O, IMAGEN Y SONIDO<\/strong><\/p>\n\n\n\n<p class=\"has-text-color\" style=\"color:#ff0000\"><strong>ASISTENCIA DEL 80% DE LAS CLASES<\/strong><\/p>\n\n\n\n<p class=\"has-medium-font-size\"><strong>PRIMER A\u00d1O<\/strong><\/p>\n\n\n\n<figure class=\"wp-block-table is-style-stripes\"><table><thead><tr><th>MATERIAS<\/th><th class=\"has-text-align-center\" data-align=\"center\">H<\/th><th class=\"has-text-align-center\" data-align=\"center\">LIB<\/th><th class=\"has-text-align-center\" data-align=\"center\">PR<\/th><th class=\"has-text-align-center\" data-align=\"center\">EF<\/th><th class=\"has-text-align-center\" data-align=\"center\">PRES<\/th><\/tr><\/thead><tbody><tr><td>Elementos Estructurales de la <br>Imagen y el Sonido<\/td><td class=\"has-text-align-center\" data-align=\"center\">2<\/td><td class=\"has-text-align-center\" data-align=\"center\">NO<\/td><td class=\"has-text-align-center\" data-align=\"center\">NO<\/td><td class=\"has-text-align-center\" data-align=\"center\">SI<\/td><td class=\"has-text-align-center\" data-align=\"center\"><\/td><\/tr><tr><td>Publicidad<\/td><td class=\"has-text-align-center\" data-align=\"center\">1<\/td><td class=\"has-text-align-center\" data-align=\"center\">NO<\/td><td class=\"has-text-align-center\" data-align=\"center\">SI<\/td><td class=\"has-text-align-center\" data-align=\"center\">SI<\/td><td class=\"has-text-align-center\" data-align=\"center\"><\/td><\/tr><tr><td>Pol\u00edtica y Desarrollo de Producto<\/td><td class=\"has-text-align-center\" data-align=\"center\">1<\/td><td class=\"has-text-align-center\" data-align=\"center\">NO<\/td><td class=\"has-text-align-center\" data-align=\"center\">SI<\/td><td class=\"has-text-align-center\" data-align=\"center\">SI<\/td><td class=\"has-text-align-center\" data-align=\"center\"><\/td><\/tr><tr><td>Introducci\u00f3n al Lenguaje Inform\u00e1tico<\/td><td class=\"has-text-align-center\" data-align=\"center\">2<\/td><td class=\"has-text-align-center\" data-align=\"center\">NO<\/td><td class=\"has-text-align-center\" data-align=\"center\">NO<\/td><td class=\"has-text-align-center\" data-align=\"center\">NO<\/td><td class=\"has-text-align-center\" data-align=\"center\"><\/td><\/tr><tr><td>Comunicaci\u00f3n Visual<\/td><td class=\"has-text-align-center\" data-align=\"center\">2<\/td><td class=\"has-text-align-center\" data-align=\"center\">NO<\/td><td class=\"has-text-align-center\" data-align=\"center\">SI<\/td><td class=\"has-text-align-center\" data-align=\"center\">SI<\/td><td class=\"has-text-align-center\" data-align=\"center\"><\/td><\/tr><tr><td>Inform\u00e1tica Aplicada 1<\/td><td class=\"has-text-align-center\" data-align=\"center\">3<\/td><td class=\"has-text-align-center\" data-align=\"center\">NO<\/td><td class=\"has-text-align-center\" data-align=\"center\">SI<\/td><td class=\"has-text-align-center\" data-align=\"center\">NO<\/td><td class=\"has-text-align-center\" data-align=\"center\"><\/td><\/tr><tr><td>Producci\u00f3n de Sonido y M\u00fasica<\/td><td class=\"has-text-align-center\" data-align=\"center\">2<\/td><td class=\"has-text-align-center\" data-align=\"center\">NO<\/td><td class=\"has-text-align-center\" data-align=\"center\">SI<\/td><td class=\"has-text-align-center\" data-align=\"center\">NO<\/td><td class=\"has-text-align-center\" data-align=\"center\"><\/td><\/tr><tr><td>Producci\u00f3n Audiovisual 1<\/td><td class=\"has-text-align-center\" data-align=\"center\">2<\/td><td class=\"has-text-align-center\" data-align=\"center\">NO<\/td><td class=\"has-text-align-center\" data-align=\"center\">SI<\/td><td class=\"has-text-align-center\" data-align=\"center\">NO<\/td><td class=\"has-text-align-center\" data-align=\"center\"><\/td><\/tr><tr><td>Imagen Electr\u00f3nica 1<\/td><td class=\"has-text-align-center\" data-align=\"center\">2<\/td><td class=\"has-text-align-center\" data-align=\"center\">NO<\/td><td class=\"has-text-align-center\" data-align=\"center\">SI<\/td><td class=\"has-text-align-center\" data-align=\"center\">NO<\/td><td class=\"has-text-align-center\" data-align=\"center\"><\/td><\/tr><tr><td>Espacio Institucional<\/td><td class=\"has-text-align-center\" data-align=\"center\">1<\/td><td class=\"has-text-align-center\" data-align=\"center\">NO<\/td><td class=\"has-text-align-center\" data-align=\"center\">SI<\/td><td class=\"has-text-align-center\" data-align=\"center\">SI<\/td><td class=\"has-text-align-center\" data-align=\"center\"><\/td><\/tr><\/tbody><\/table><figcaption class=\"wp-element-caption\"><strong>MODALIDAD DE CURSADA:<\/strong>&nbsp;<strong>PP<\/strong>&nbsp;(Presencialidad plena |&nbsp;<strong>PPC<\/strong>&nbsp;(Propuesta pedag\u00f3gica combinada)<br><strong>H:<\/strong>&nbsp;carga horaria semanal<br><strong>LIB:<\/strong>&nbsp;se puede rendir libre<br><strong>PR:<\/strong>&nbsp;se puede promocionar<br><strong>EF:<\/strong>&nbsp;se puede rendir final<br><strong>PRES<\/strong>: P (presencial), V ( Virtual), A (Asincr\u00f3nica), S (Sincr\u00f3nica)<\/figcaption><\/figure>\n\n\n\n<p><\/p>\n\n\n\n<p class=\"has-medium-font-size\"><strong>SEGUNDO A\u00d1O<\/strong><\/p>\n\n\n\n<figure class=\"wp-block-table is-style-stripes\"><table><thead><tr><th>MATERIAS<\/th><th class=\"has-text-align-center\" data-align=\"center\">H<\/th><th class=\"has-text-align-center\" data-align=\"center\">LIB<\/th><th class=\"has-text-align-center\" data-align=\"center\">PR<\/th><th class=\"has-text-align-center\" data-align=\"center\">EF<\/th><th class=\"has-text-align-center\" data-align=\"center\">PRES<\/th><\/tr><\/thead><tbody><tr><td>Semi\u00f3tica<\/td><td class=\"has-text-align-center\" data-align=\"center\">2<\/td><td class=\"has-text-align-center\" data-align=\"center\">NO<\/td><td class=\"has-text-align-center\" data-align=\"center\">NO<\/td><td class=\"has-text-align-center\" data-align=\"center\">SI<\/td><td class=\"has-text-align-center\" data-align=\"center\"><\/td><\/tr><tr><td>Fundamentos del Marketing<\/td><td class=\"has-text-align-center\" data-align=\"center\">1<\/td><td class=\"has-text-align-center\" data-align=\"center\">NO<\/td><td class=\"has-text-align-center\" data-align=\"center\">NO<\/td><td class=\"has-text-align-center\" data-align=\"center\">SI<\/td><td class=\"has-text-align-center\" data-align=\"center\"><\/td><\/tr><tr><td>Comunicaci\u00f3n Visual<\/td><td class=\"has-text-align-center\" data-align=\"center\">3<\/td><td class=\"has-text-align-center\" data-align=\"center\">NO<\/td><td class=\"has-text-align-center\" data-align=\"center\">SI<\/td><td class=\"has-text-align-center\" data-align=\"center\">SI<\/td><td class=\"has-text-align-center\" data-align=\"center\"><\/td><\/tr><tr><td>Inform\u00e1tica Aplicada 2<\/td><td class=\"has-text-align-center\" data-align=\"center\">2<\/td><td class=\"has-text-align-center\" data-align=\"center\">NO<\/td><td class=\"has-text-align-center\" data-align=\"center\">SI<\/td><td class=\"has-text-align-center\" data-align=\"center\">NO<\/td><td class=\"has-text-align-center\" data-align=\"center\"><\/td><\/tr><tr><td>Se\u00f1al\u00e9tica<\/td><td class=\"has-text-align-center\" data-align=\"center\">2<\/td><td class=\"has-text-align-center\" data-align=\"center\">NO<\/td><td class=\"has-text-align-center\" data-align=\"center\">SI<\/td><td class=\"has-text-align-center\" data-align=\"center\">NO<\/td><td class=\"has-text-align-center\" data-align=\"center\"><\/td><\/tr><tr><td>Producci\u00f3n de Sonido y M\u00fasica<\/td><td class=\"has-text-align-center\" data-align=\"center\">3<\/td><td class=\"has-text-align-center\" data-align=\"center\">NO<\/td><td class=\"has-text-align-center\" data-align=\"center\">NO<\/td><td class=\"has-text-align-center\" data-align=\"center\">SI<\/td><td class=\"has-text-align-center\" data-align=\"center\"><\/td><\/tr><tr><td>Producci\u00f3n Audiovisual 2<\/td><td class=\"has-text-align-center\" data-align=\"center\">3<\/td><td class=\"has-text-align-center\" data-align=\"center\">NO<\/td><td class=\"has-text-align-center\" data-align=\"center\">SI<\/td><td class=\"has-text-align-center\" data-align=\"center\">NO<\/td><td class=\"has-text-align-center\" data-align=\"center\"><\/td><\/tr><tr><td>Imagen Electr\u00f3nica 2<\/td><td class=\"has-text-align-center\" data-align=\"center\">2<\/td><td class=\"has-text-align-center\" data-align=\"center\">NO<\/td><td class=\"has-text-align-center\" data-align=\"center\">SI<\/td><td class=\"has-text-align-center\" data-align=\"center\">NO<\/td><td class=\"has-text-align-center\" data-align=\"center\"><\/td><\/tr><tr><td>Espacio Institucional<\/td><td class=\"has-text-align-center\" data-align=\"center\">1<\/td><td class=\"has-text-align-center\" data-align=\"center\">NO<\/td><td class=\"has-text-align-center\" data-align=\"center\">SI<\/td><td class=\"has-text-align-center\" data-align=\"center\">SI<\/td><td class=\"has-text-align-center\" data-align=\"center\"><\/td><\/tr><\/tbody><\/table><figcaption class=\"wp-element-caption\"><strong>MODALIDAD DE CURSADA:<\/strong>&nbsp;<strong>PP<\/strong>&nbsp;(Presencialidad plena |&nbsp;<strong>PPC<\/strong>&nbsp;(Propuesta pedag\u00f3gica combinada)<br><strong>H:<\/strong>&nbsp;carga horaria semanal<br><strong>LIB:<\/strong>&nbsp;se puede rendir libre<br><strong>PR:<\/strong>&nbsp;se puede promocionar<br><strong>EF:<\/strong>&nbsp;se puede rendir final<br><strong>PRES<\/strong>: P (presencial), V ( Virtual), A (Asincr\u00f3nica), S (Sincr\u00f3nica)<\/figcaption><\/figure>\n\n\n\n<p><\/p>\n\n\n\n<p class=\"has-medium-font-size\"><strong>TERCER A\u00d1O<\/strong><\/p>\n\n\n\n<figure class=\"wp-block-table is-style-stripes\"><table><thead><tr><th>MATERIAS<\/th><th class=\"has-text-align-center\" data-align=\"center\">H<\/th><th class=\"has-text-align-center\" data-align=\"center\">LIB<\/th><th class=\"has-text-align-center\" data-align=\"center\">PR<\/th><th class=\"has-text-align-center\" data-align=\"center\">EF<\/th><th class=\"has-text-align-center\" data-align=\"center\">PRES<\/th><\/tr><\/thead><tbody><tr><td>Sonorizaci\u00f3n y Musicalizaci\u00f3n <br>de las Im\u00e1genes<\/td><td class=\"has-text-align-center\" data-align=\"center\">2<\/td><td class=\"has-text-align-center\" data-align=\"center\">NO<\/td><td class=\"has-text-align-center\" data-align=\"center\">SI<\/td><td class=\"has-text-align-center\" data-align=\"center\">NO<\/td><td class=\"has-text-align-center\" data-align=\"center\"><\/td><\/tr><tr><td>Multimedial<\/td><td class=\"has-text-align-center\" data-align=\"center\">2<\/td><td class=\"has-text-align-center\" data-align=\"center\">NO<\/td><td class=\"has-text-align-center\" data-align=\"center\">SI<\/td><td class=\"has-text-align-center\" data-align=\"center\">NO<\/td><td class=\"has-text-align-center\" data-align=\"center\"><\/td><\/tr><tr><td>Inform\u00e1tica Aplicada 3<\/td><td class=\"has-text-align-center\" data-align=\"center\">2<\/td><td class=\"has-text-align-center\" data-align=\"center\">NO<\/td><td class=\"has-text-align-center\" data-align=\"center\">SI<\/td><td class=\"has-text-align-center\" data-align=\"center\">NO<\/td><td class=\"has-text-align-center\" data-align=\"center\"><\/td><\/tr><tr><td>Producci\u00f3n de Campa\u00f1as y Medios<\/td><td class=\"has-text-align-center\" data-align=\"center\">3<\/td><td class=\"has-text-align-center\" data-align=\"center\">NO<\/td><td class=\"has-text-align-center\" data-align=\"center\">NO<\/td><td class=\"has-text-align-center\" data-align=\"center\">SI<\/td><td class=\"has-text-align-center\" data-align=\"center\"><\/td><\/tr><tr><td>Producci\u00f3n de Sonido y M\u00fasica 3<\/td><td class=\"has-text-align-center\" data-align=\"center\">3<\/td><td class=\"has-text-align-center\" data-align=\"center\">NO<\/td><td class=\"has-text-align-center\" data-align=\"center\">SI<\/td><td class=\"has-text-align-center\" data-align=\"center\">NO<\/td><td class=\"has-text-align-center\" data-align=\"center\"><\/td><\/tr><tr><td>Pr\u00e1ctica Profesional<\/td><td class=\"has-text-align-center\" data-align=\"center\">2<\/td><td class=\"has-text-align-center\" data-align=\"center\">NO<\/td><td class=\"has-text-align-center\" data-align=\"center\">SI<\/td><td class=\"has-text-align-center\" data-align=\"center\">NO<\/td><td class=\"has-text-align-center\" data-align=\"center\"><\/td><\/tr><tr><td>Postproduccion<\/td><td class=\"has-text-align-center\" data-align=\"center\">2<\/td><td class=\"has-text-align-center\" data-align=\"center\">NO<\/td><td class=\"has-text-align-center\" data-align=\"center\">SI<\/td><td class=\"has-text-align-center\" data-align=\"center\">NO<\/td><td class=\"has-text-align-center\" data-align=\"center\"><\/td><\/tr><tr><td>Imagen electronica 3<\/td><td class=\"has-text-align-center\" data-align=\"center\">3<\/td><td class=\"has-text-align-center\" data-align=\"center\">NO<\/td><td class=\"has-text-align-center\" data-align=\"center\">SI<\/td><td class=\"has-text-align-center\" data-align=\"center\">NO<\/td><td class=\"has-text-align-center\" data-align=\"center\"><\/td><\/tr><tr><td>Espacio Institucional<\/td><td class=\"has-text-align-center\" data-align=\"center\">1<\/td><td class=\"has-text-align-center\" data-align=\"center\">NO<\/td><td class=\"has-text-align-center\" data-align=\"center\">SI<\/td><td class=\"has-text-align-center\" data-align=\"center\">SI<\/td><td class=\"has-text-align-center\" data-align=\"center\"><\/td><\/tr><\/tbody><\/table><figcaption class=\"wp-element-caption\"><strong>MODALIDAD DE CURSADA:<\/strong>&nbsp;<strong>PP<\/strong>&nbsp;(Presencialidad plena |&nbsp;<strong>PPC<\/strong>&nbsp;(Propuesta pedag\u00f3gica combinada)<br><strong>H:<\/strong>&nbsp;carga horaria semanal<br><strong>LIB:<\/strong>&nbsp;se puede rendir libre<br><strong>PR:<\/strong>&nbsp;se puede promocionar<br><strong>EF:<\/strong>&nbsp;se puede rendir final<br><strong>PRES<\/strong>: P (presencial), V ( Virtual), A (Asincr\u00f3nica), S (Sincr\u00f3nica)<\/figcaption><\/figure>\n","protected":false},"excerpt":{"rendered":"<p>TECNICATURA SUPERIOR EN DISE\u00d1O,IMAGEN Y SONIDO La Tecnicatura en Dise\u00f1o de Imagen y Sonido es una disciplina orientada a la producci\u00f3n y comunicaci\u00f3n audiovisual, que posibilita la creaci\u00f3n, registro y edici\u00f3n de im\u00e1genes y sonidos con fines expresivos, informativos y comunicacionales. A trav\u00e9s del uso de recursos t\u00e9cnicos, tecnol\u00f3gicos y creativos, la carrera forma profesionales &#8230; <a title=\"Plan de Estudio TDIS\" class=\"read-more\" href=\"https:\/\/eavberni-bue.infd.edu.ar\/sitio\/plan-de-estudio-tdis\/\" aria-label=\"More on Plan de Estudio TDIS\">[+]<\/a><\/p>\n","protected":false},"author":73,"featured_media":0,"parent":0,"menu_order":0,"comment_status":"closed","ping_status":"closed","template":"","meta":[],"acf":[],"_links":{"self":[{"href":"https:\/\/eavberni-bue.infd.edu.ar\/sitio\/wp-json\/wp\/v2\/pages\/1510"}],"collection":[{"href":"https:\/\/eavberni-bue.infd.edu.ar\/sitio\/wp-json\/wp\/v2\/pages"}],"about":[{"href":"https:\/\/eavberni-bue.infd.edu.ar\/sitio\/wp-json\/wp\/v2\/types\/page"}],"author":[{"embeddable":true,"href":"https:\/\/eavberni-bue.infd.edu.ar\/sitio\/wp-json\/wp\/v2\/users\/73"}],"replies":[{"embeddable":true,"href":"https:\/\/eavberni-bue.infd.edu.ar\/sitio\/wp-json\/wp\/v2\/comments?post=1510"}],"version-history":[{"count":2,"href":"https:\/\/eavberni-bue.infd.edu.ar\/sitio\/wp-json\/wp\/v2\/pages\/1510\/revisions"}],"predecessor-version":[{"id":1523,"href":"https:\/\/eavberni-bue.infd.edu.ar\/sitio\/wp-json\/wp\/v2\/pages\/1510\/revisions\/1523"}],"wp:attachment":[{"href":"https:\/\/eavberni-bue.infd.edu.ar\/sitio\/wp-json\/wp\/v2\/media?parent=1510"}],"curies":[{"name":"wp","href":"https:\/\/api.w.org\/{rel}","templated":true}]}}