{"id":1503,"date":"2025-12-27T08:54:43","date_gmt":"2025-12-27T11:54:43","guid":{"rendered":"https:\/\/eavberni-bue.infd.edu.ar\/sitio\/?page_id=1503"},"modified":"2025-12-27T08:54:44","modified_gmt":"2025-12-27T11:54:44","slug":"plan-de-estudio-tdg","status":"publish","type":"page","link":"https:\/\/eavberni-bue.infd.edu.ar\/sitio\/plan-de-estudio-tdg\/","title":{"rendered":"Plan de Estudio TDG"},"content":{"rendered":"\n<p class=\"has-x-large-font-size\"><strong>TECNICATURA EN DISE\u00d1O GR\u00c1FICO<\/strong><\/p>\n\n\n\n<p>El dise\u00f1o gr\u00e1fico es una disciplina que posibilita comunicar visualmente informaciones, hechos, ideas y valores \u00fatiles al hombre mediante la creaci\u00f3n y desarrollo de s\u00edmbolos gr\u00e1ficos, que transmitan adecuadamente el mensaje; as\u00ed como investigar la relaci\u00f3n del dise\u00f1o gr\u00e1fico con la sociedad.<\/p>\n\n\n\n<p><strong>Requisitos de ingreso (sujetos a modificaci\u00f3n):<\/strong><\/p>\n\n\n\n<ol>\n<li>Planilla Completa con Datos Personales<\/li>\n\n\n\n<li>Fotocopia de DNI<\/li>\n\n\n\n<li>Fotocopia de Titulo Secundario \/ Constancia de titulo en tr\u00e1mite o Constancia de alumno regular si adeudar materias<\/li>\n\n\n\n<li>Carpeta de 3 solapas color rosa<\/li>\n\n\n\n<li>Ficha Medica<\/li>\n\n\n\n<li>Foto 4&#215;4<\/li>\n<\/ol>\n\n\n\n<p class=\"has-text-color\" style=\"color:#ff0000\">NO SE QUEDARA INSCRIPTO QUIEN NO ENTREGUE LA DOCUMENTACI\u00d3N DE LOS PRIMEROS 4 PUNTOS<\/p>\n\n\n\n<p class=\"has-x-large-font-size\"><strong>TECNICATURA EN DISE\u00d1O GR\u00c1FICO<\/strong><\/p>\n\n\n\n<p class=\"has-medium-font-size\"><strong>T\u00cdTULO: T\u00c9CNICO EN DISE\u00d1O GR\u00c1FICO<\/strong><\/p>\n\n\n\n<p class=\"has-text-color has-medium-font-size\" style=\"color:#ff0000\"><strong>ASISTENCIA DEL 80% DE LAS CLASES<\/strong><\/p>\n\n\n\n<p class=\"has-medium-font-size\"><strong>PRIMER A\u00d1O<\/strong><\/p>\n\n\n\n<figure class=\"wp-block-table is-style-stripes\"><table><thead><tr><th>MATERIAS<\/th><th class=\"has-text-align-center\" data-align=\"center\">H<\/th><th class=\"has-text-align-center\" data-align=\"center\">LIB<\/th><th class=\"has-text-align-center\" data-align=\"center\">PR<\/th><th class=\"has-text-align-center\" data-align=\"center\">EF<\/th><th>Pres<\/th><\/tr><\/thead><tbody><tr><td>Tipograf\u00eda 1. <\/td><td class=\"has-text-align-center\" data-align=\"center\">2<\/td><td class=\"has-text-align-center\" data-align=\"center\">NO<\/td><td class=\"has-text-align-center\" data-align=\"center\">NO<\/td><td class=\"has-text-align-center\" data-align=\"center\">SI<\/td><td>51% P<br>49% V<\/td><\/tr><tr><td>Grafica asistida por computadora1. <\/td><td class=\"has-text-align-center\" data-align=\"center\">2<\/td><td class=\"has-text-align-center\" data-align=\"center\">NO<\/td><td class=\"has-text-align-center\" data-align=\"center\">NO<\/td><td class=\"has-text-align-center\" data-align=\"center\">SI<\/td><td><\/td><\/tr><tr><td>Dibujo 1. <\/td><td class=\"has-text-align-center\" data-align=\"center\">2<\/td><td class=\"has-text-align-center\" data-align=\"center\">NO<\/td><td class=\"has-text-align-center\" data-align=\"center\">SI<\/td><td class=\"has-text-align-center\" data-align=\"center\">SI<\/td><td><\/td><\/tr><tr><td>Percepci\u00f3n Visual. <\/td><td class=\"has-text-align-center\" data-align=\"center\">2<\/td><td class=\"has-text-align-center\" data-align=\"center\">NO<\/td><td class=\"has-text-align-center\" data-align=\"center\">SI<\/td><td class=\"has-text-align-center\" data-align=\"center\">SI<\/td><td><\/td><\/tr><tr><td>Taller de Texto. <\/td><td class=\"has-text-align-center\" data-align=\"center\">2<\/td><td class=\"has-text-align-center\" data-align=\"center\">NO<\/td><td class=\"has-text-align-center\" data-align=\"center\">SI<\/td><td class=\"has-text-align-center\" data-align=\"center\">NO<\/td><td><\/td><\/tr><tr><td>Historia del Arte y el Dise\u00f1o. <\/td><td class=\"has-text-align-center\" data-align=\"center\">2<\/td><td class=\"has-text-align-center\" data-align=\"center\">SI<\/td><td class=\"has-text-align-center\" data-align=\"center\">NO<\/td><td class=\"has-text-align-center\" data-align=\"center\">SI<\/td><td><\/td><\/tr><tr><td>Comunicaci\u00f3n. PPC<\/td><td class=\"has-text-align-center\" data-align=\"center\">2<\/td><td class=\"has-text-align-center\" data-align=\"center\">NO<\/td><td class=\"has-text-align-center\" data-align=\"center\">NO<\/td><td class=\"has-text-align-center\" data-align=\"center\">SI<\/td><td><\/td><\/tr><tr><td>Espacio de Definici\u00f3n<br>Institucional. <\/td><td class=\"has-text-align-center\" data-align=\"center\">2<\/td><td class=\"has-text-align-center\" data-align=\"center\">NO<\/td><td class=\"has-text-align-center\" data-align=\"center\">SI<\/td><td class=\"has-text-align-center\" data-align=\"center\">SI<\/td><td><\/td><\/tr><tr><td>Taller de Dise\u00f1o 1. <\/td><td class=\"has-text-align-center\" data-align=\"center\">5<\/td><td class=\"has-text-align-center\" data-align=\"center\">NO<\/td><td class=\"has-text-align-center\" data-align=\"center\">SI<\/td><td class=\"has-text-align-center\" data-align=\"center\">NO<\/td><td><\/td><\/tr><\/tbody><\/table><figcaption class=\"wp-element-caption\"><strong>MODALIDAD DE CURSADA:<\/strong>&nbsp;<strong>PP<\/strong>&nbsp;(Presencialidad plena |&nbsp;<strong>PPC<\/strong>&nbsp;(Propuesta pedag\u00f3gica combinada)<br><strong>H:<\/strong>&nbsp;carga horaria semanal<br><strong>LIB:<\/strong>&nbsp;se puede rendir libre<br><strong>PR:<\/strong>&nbsp;se puede promocionar<br><strong>EF:<\/strong>&nbsp;se puede rendir final<\/figcaption><\/figure>\n\n\n\n<p><strong>PRES<\/strong>: P (presencial), V ( Virtual), A (Asincr\u00f3nica), S (Sincr\u00f3nica)<\/p>\n\n\n\n<p><\/p>\n\n\n\n<p class=\"has-medium-font-size\"><strong>SEGUNDO A\u00d1O<\/strong><\/p>\n\n\n\n<figure class=\"wp-block-table is-style-stripes\"><table><thead><tr><th>MATERIAS<\/th><th class=\"has-text-align-center\" data-align=\"center\">H<\/th><th class=\"has-text-align-center\" data-align=\"center\">LIB<\/th><th class=\"has-text-align-center\" data-align=\"center\">PR<\/th><th class=\"has-text-align-center\" data-align=\"center\">EF<\/th><th>PRES<\/th><\/tr><\/thead><tbody><tr><td>Tipograf\u00eda 2. <\/td><td class=\"has-text-align-center\" data-align=\"center\">2<\/td><td class=\"has-text-align-center\" data-align=\"center\">NO<\/td><td class=\"has-text-align-center\" data-align=\"center\">NO<\/td><td class=\"has-text-align-center\" data-align=\"center\">SI<\/td><td><\/td><\/tr><tr><td>Graf. Asis. por Computadora 2. <\/td><td class=\"has-text-align-center\" data-align=\"center\">2<\/td><td class=\"has-text-align-center\" data-align=\"center\">NO<\/td><td class=\"has-text-align-center\" data-align=\"center\">NO<\/td><td class=\"has-text-align-center\" data-align=\"center\">SI<\/td><td><\/td><\/tr><tr><td>Tecnolog\u00eda 1. <\/td><td class=\"has-text-align-center\" data-align=\"center\">2<\/td><td class=\"has-text-align-center\" data-align=\"center\">NO<\/td><td class=\"has-text-align-center\" data-align=\"center\">NO<\/td><td class=\"has-text-align-center\" data-align=\"center\">SI<\/td><td><\/td><\/tr><tr><td>Sociolog\u00eda de la Imagen. <\/td><td class=\"has-text-align-center\" data-align=\"center\">2<\/td><td class=\"has-text-align-center\" data-align=\"center\">SI<\/td><td class=\"has-text-align-center\" data-align=\"center\">NO<\/td><td class=\"has-text-align-center\" data-align=\"center\">SI<\/td><td><\/td><\/tr><tr><td>Historia del Dise\u00f1o. <\/td><td class=\"has-text-align-center\" data-align=\"center\">2<\/td><td class=\"has-text-align-center\" data-align=\"center\">SI<\/td><td class=\"has-text-align-center\" data-align=\"center\">NO<\/td><td class=\"has-text-align-center\" data-align=\"center\">SI<\/td><td><\/td><\/tr><tr><td>Organizaci\u00f3n de las Instituciones. <\/td><td class=\"has-text-align-center\" data-align=\"center\">2<\/td><td class=\"has-text-align-center\" data-align=\"center\">SI<\/td><td class=\"has-text-align-center\" data-align=\"center\">NO<\/td><td class=\"has-text-align-center\" data-align=\"center\">SI<\/td><td><\/td><\/tr><tr><td>Espacio de Definici\u00f3n<br>Institucional. <\/td><td class=\"has-text-align-center\" data-align=\"center\">2<\/td><td class=\"has-text-align-center\" data-align=\"center\">NO<\/td><td class=\"has-text-align-center\" data-align=\"center\">SI<\/td><td class=\"has-text-align-center\" data-align=\"center\">SI<\/td><td><\/td><\/tr><tr><td>Taller de Dise\u00f1o 2. <\/td><td class=\"has-text-align-center\" data-align=\"center\">4<\/td><td class=\"has-text-align-center\" data-align=\"center\">NO<\/td><td class=\"has-text-align-center\" data-align=\"center\">SI<\/td><td class=\"has-text-align-center\" data-align=\"center\">NO<\/td><td><\/td><\/tr><\/tbody><\/table><figcaption class=\"wp-element-caption\"><strong>MODALIDAD DE CURSADA:<\/strong>&nbsp;<strong>PP<\/strong>&nbsp;(Presencialidad plena |&nbsp;<strong>PPC<\/strong>&nbsp;(Propuesta pedag\u00f3gica combinada)<br><strong>H:<\/strong>&nbsp;carga horaria semanal<br><strong>LIB:<\/strong>&nbsp;se puede rendir libre<br><strong>PR:<\/strong>&nbsp;se puede promocionar<br><strong>EF:<\/strong>&nbsp;se puede rendir final<\/figcaption><\/figure>\n\n\n\n<p><strong>PRES<\/strong>: P (presencial), V ( Virtual), A (Asincr\u00f3nica), S (Sincr\u00f3nica)<\/p>\n\n\n\n<p><\/p>\n\n\n\n<p class=\"has-medium-font-size\"><strong>TERCER A\u00d1O<\/strong><\/p>\n\n\n\n<figure class=\"wp-block-table is-style-stripes\"><table class=\"has-white-background-color has-background\"><thead><tr><th>MATERIAS<\/th><th class=\"has-text-align-center\" data-align=\"center\">H<\/th><th class=\"has-text-align-center\" data-align=\"center\">LIB<\/th><th class=\"has-text-align-center\" data-align=\"center\">PR<\/th><th class=\"has-text-align-center\" data-align=\"center\">EF<\/th><th>PRES<\/th><\/tr><\/thead><tbody><tr><td>Taller de Multimedial. <\/td><td class=\"has-text-align-center\" data-align=\"center\">2<\/td><td class=\"has-text-align-center\" data-align=\"center\">NO<\/td><td class=\"has-text-align-center\" data-align=\"center\">SI<\/td><td class=\"has-text-align-center\" data-align=\"center\">NO<\/td><td><\/td><\/tr><tr><td>Fotograf\u00eda. <\/td><td class=\"has-text-align-center\" data-align=\"center\">2<\/td><td class=\"has-text-align-center\" data-align=\"center\">NO<\/td><td class=\"has-text-align-center\" data-align=\"center\">SI<\/td><td class=\"has-text-align-center\" data-align=\"center\">SI<\/td><td><\/td><\/tr><tr><td>Tecnolog\u00eda 2. <\/td><td class=\"has-text-align-center\" data-align=\"center\">2<\/td><td class=\"has-text-align-center\" data-align=\"center\">NO<\/td><td class=\"has-text-align-center\" data-align=\"center\">NO<\/td><td class=\"has-text-align-center\" data-align=\"center\">SI<\/td><td><\/td><\/tr><tr><td>Sociolog\u00eda de la Comunicaci\u00f3n. <\/td><td class=\"has-text-align-center\" data-align=\"center\">2<\/td><td class=\"has-text-align-center\" data-align=\"center\">NO<\/td><td class=\"has-text-align-center\" data-align=\"center\">NO<\/td><td class=\"has-text-align-center\" data-align=\"center\">SI<\/td><td><\/td><\/tr><tr><td>\u00c9tica y Legislaci\u00f3n. <\/td><td class=\"has-text-align-center\" data-align=\"center\">2<\/td><td class=\"has-text-align-center\" data-align=\"center\">SI<\/td><td class=\"has-text-align-center\" data-align=\"center\">NO<\/td><td class=\"has-text-align-center\" data-align=\"center\">SI<\/td><td><\/td><\/tr><tr><td>Espacio de Definici\u00f3n<br>Institucional. <\/td><td class=\"has-text-align-center\" data-align=\"center\">2<\/td><td class=\"has-text-align-center\" data-align=\"center\">NO<\/td><td class=\"has-text-align-center\" data-align=\"center\">SI<\/td><td class=\"has-text-align-center\" data-align=\"center\">SI<\/td><td><\/td><\/tr><tr><td>Taller de Dise\u00f1o 3 y Proyecto. <\/td><td class=\"has-text-align-center\" data-align=\"center\">6<\/td><td class=\"has-text-align-center\" data-align=\"center\">NO<\/td><td class=\"has-text-align-center\" data-align=\"center\">SI<\/td><td class=\"has-text-align-center\" data-align=\"center\">SI<\/td><td><\/td><\/tr><\/tbody><\/table><figcaption class=\"wp-element-caption\"><strong>MODALIDAD DE CURSADA:<\/strong>&nbsp;<strong>PP<\/strong>&nbsp;(Presencialidad plena |&nbsp;<strong>PPC<\/strong>&nbsp;(Propuesta pedag\u00f3gica combinada)<br><strong>H:<\/strong>&nbsp;carga horaria semanal<br><strong>LIB:<\/strong>&nbsp;se puede rendir libre<br><strong>PR:<\/strong>&nbsp;se puede promocionar<br><strong>EF:<\/strong>&nbsp;se puede rendir final<\/figcaption><\/figure>\n\n\n\n<p><strong>PRES<\/strong>: P (presencial), V ( Virtual), A (Asincr\u00f3nica),  S (Sincr\u00f3nica)<\/p>\n\n\n\n<p><\/p>\n\n\n\n<p class=\"has-medium-font-size\"><strong>TITULO: DISE\u00d1ADOR GR\u00c1FICO<\/strong><\/p>\n\n\n\n<p class=\"has-medium-font-size\"><strong>CUARTO A\u00d1O<\/strong><\/p>\n\n\n\n<figure class=\"wp-block-table is-style-stripes\"><table><thead><tr><th>MATERIAS<\/th><th class=\"has-text-align-center\" data-align=\"center\">H<\/th><th class=\"has-text-align-center\" data-align=\"center\">LIB<\/th><th class=\"has-text-align-center\" data-align=\"center\">PR<\/th><th class=\"has-text-align-center\" data-align=\"center\">EF<\/th><th class=\"has-text-align-center\" data-align=\"center\">PRES<\/th><\/tr><\/thead><tbody><tr><td>Dise\u00f1o Institucional<\/td><td class=\"has-text-align-center\" data-align=\"center\">4<\/td><td class=\"has-text-align-center\" data-align=\"center\">NO<\/td><td class=\"has-text-align-center\" data-align=\"center\">SI<\/td><td class=\"has-text-align-center\" data-align=\"center\">SI<\/td><td class=\"has-text-align-center\" data-align=\"center\"><\/td><\/tr><tr><td>Dise\u00f1o de Informaci\u00f3n<\/td><td class=\"has-text-align-center\" data-align=\"center\">4<\/td><td class=\"has-text-align-center\" data-align=\"center\">NO<\/td><td class=\"has-text-align-center\" data-align=\"center\">NO<\/td><td class=\"has-text-align-center\" data-align=\"center\">SI<\/td><td class=\"has-text-align-center\" data-align=\"center\"><\/td><\/tr><tr><td>Dise\u00f1o de Medios<\/td><td class=\"has-text-align-center\" data-align=\"center\">4<\/td><td class=\"has-text-align-center\" data-align=\"center\">NO<\/td><td class=\"has-text-align-center\" data-align=\"center\">NO<\/td><td class=\"has-text-align-center\" data-align=\"center\">SI<\/td><td class=\"has-text-align-center\" data-align=\"center\"><\/td><\/tr><tr><td>Arte, Cultura y Est\u00e9tica en el <br>Mundo Contempor\u00e1neo<\/td><td class=\"has-text-align-center\" data-align=\"center\">3<\/td><td class=\"has-text-align-center\" data-align=\"center\">SI<\/td><td class=\"has-text-align-center\" data-align=\"center\">NO<\/td><td class=\"has-text-align-center\" data-align=\"center\">SI<\/td><td class=\"has-text-align-center\" data-align=\"center\"><\/td><\/tr><tr><td>Espacio Institucional<\/td><td class=\"has-text-align-center\" data-align=\"center\">4<\/td><td class=\"has-text-align-center\" data-align=\"center\">NO<\/td><td class=\"has-text-align-center\" data-align=\"center\">SI<\/td><td class=\"has-text-align-center\" data-align=\"center\">SI<\/td><td class=\"has-text-align-center\" data-align=\"center\"><\/td><\/tr><\/tbody><\/table><figcaption class=\"wp-element-caption\"><strong>MODALIDAD DE CURSADA:<\/strong>&nbsp;<strong>PP<\/strong>&nbsp;(Presencialidad plena |&nbsp;<strong>PPC<\/strong>&nbsp;(Propuesta pedag\u00f3gica combinada)<br><strong>H:<\/strong>&nbsp;carga horaria semanal<br><strong>LIB:<\/strong>&nbsp;se puede rendir libre<br><strong>PR:<\/strong>&nbsp;se puede promocionar<br><strong>EF:<\/strong>&nbsp;se puede rendir final<br><strong>PRES<\/strong>: P (Presencial), V ( Virtual), A (Asincr\u00f3nica), S (Sincr\u00f3nica)<\/figcaption><\/figure>\n","protected":false},"excerpt":{"rendered":"<p>TECNICATURA EN DISE\u00d1O GR\u00c1FICO El dise\u00f1o gr\u00e1fico es una disciplina que posibilita comunicar visualmente informaciones, hechos, ideas y valores \u00fatiles al hombre mediante la creaci\u00f3n y desarrollo de s\u00edmbolos gr\u00e1ficos, que transmitan adecuadamente el mensaje; as\u00ed como investigar la relaci\u00f3n del dise\u00f1o gr\u00e1fico con la sociedad. Requisitos de ingreso (sujetos a modificaci\u00f3n): NO SE QUEDARA &#8230; <a title=\"Plan de Estudio TDG\" class=\"read-more\" href=\"https:\/\/eavberni-bue.infd.edu.ar\/sitio\/plan-de-estudio-tdg\/\" aria-label=\"More on Plan de Estudio TDG\">[+]<\/a><\/p>\n","protected":false},"author":73,"featured_media":0,"parent":0,"menu_order":0,"comment_status":"closed","ping_status":"closed","template":"","meta":[],"acf":[],"_links":{"self":[{"href":"https:\/\/eavberni-bue.infd.edu.ar\/sitio\/wp-json\/wp\/v2\/pages\/1503"}],"collection":[{"href":"https:\/\/eavberni-bue.infd.edu.ar\/sitio\/wp-json\/wp\/v2\/pages"}],"about":[{"href":"https:\/\/eavberni-bue.infd.edu.ar\/sitio\/wp-json\/wp\/v2\/types\/page"}],"author":[{"embeddable":true,"href":"https:\/\/eavberni-bue.infd.edu.ar\/sitio\/wp-json\/wp\/v2\/users\/73"}],"replies":[{"embeddable":true,"href":"https:\/\/eavberni-bue.infd.edu.ar\/sitio\/wp-json\/wp\/v2\/comments?post=1503"}],"version-history":[{"count":11,"href":"https:\/\/eavberni-bue.infd.edu.ar\/sitio\/wp-json\/wp\/v2\/pages\/1503\/revisions"}],"predecessor-version":[{"id":1524,"href":"https:\/\/eavberni-bue.infd.edu.ar\/sitio\/wp-json\/wp\/v2\/pages\/1503\/revisions\/1524"}],"wp:attachment":[{"href":"https:\/\/eavberni-bue.infd.edu.ar\/sitio\/wp-json\/wp\/v2\/media?parent=1503"}],"curies":[{"name":"wp","href":"https:\/\/api.w.org\/{rel}","templated":true}]}}