{"id":1499,"date":"2025-12-22T08:14:19","date_gmt":"2025-12-22T11:14:19","guid":{"rendered":"https:\/\/eavberni-bue.infd.edu.ar\/sitio\/?page_id=1499"},"modified":"2026-03-18T19:20:13","modified_gmt":"2026-03-18T22:20:13","slug":"alumnos","status":"publish","type":"page","link":"https:\/\/eavberni-bue.infd.edu.ar\/sitio\/alumnos\/","title":{"rendered":"Alumnos"},"content":{"rendered":"\n<h3 class=\"wp-block-heading has-medium-font-size\"><strong>\u00c1rea Alumnos<\/strong><\/h3>\n\n\n\n<p>En este espacio se encuentra disponible la informaci\u00f3n y documentaci\u00f3n institucional destinada a las y los estudiantes de la Escuela de Artes Visuales \u201cAntonio Berni\u201d. Aqu\u00ed podr\u00e1n acceder a calendarios acad\u00e9micos, inscripciones, horarios, programas de estudio, normativas, comunicados y materiales de inter\u00e9s correspondientes al ciclo lectivo. Se recomienda consultar peri\u00f3dicamente este apartado para mantenerse informado sobre novedades, fechas importantes y disposiciones institucionales.<\/p>\n\n\n\n<p><strong>INSCRIPCIONES<\/strong><\/p>\n\n\n\n<div class=\"wp-block-file\"><a id=\"wp-block-file--media-5b5d6d45-bf56-431d-999c-3709d90aa8e2\" href=\"https:\/\/eavberni-bue.infd.edu.ar\/sitio\/wp-content\/uploads\/2025\/12\/Planilla-de-inscripcion-2026-Educacion-Superior_1.pdf\">Planilla-de-inscripcion-2026<\/a><a href=\"https:\/\/eavberni-bue.infd.edu.ar\/sitio\/wp-content\/uploads\/2025\/12\/Planilla-de-inscripcion-2026-Educacion-Superior_1.pdf\" class=\"wp-block-file__button wp-element-button\" download aria-describedby=\"wp-block-file--media-5b5d6d45-bf56-431d-999c-3709d90aa8e2\">Descarga<\/a><\/div>\n\n\n\n<p><\/p>\n\n\n\n<p><strong>CONSTANCIAS<\/strong><\/p>\n\n\n\n<div class=\"wp-block-file\"><a id=\"wp-block-file--media-c00e6cde-92c0-4041-99fb-153af7c20668\" href=\"https:\/\/eavberni-bue.infd.edu.ar\/sitio\/wp-content\/uploads\/2026\/03\/Constancia-alumno-regular.pdf\">Constancia-alumno-regular<\/a><a href=\"https:\/\/eavberni-bue.infd.edu.ar\/sitio\/wp-content\/uploads\/2026\/03\/Constancia-alumno-regular.pdf\" class=\"wp-block-file__button wp-element-button\" download aria-describedby=\"wp-block-file--media-c00e6cde-92c0-4041-99fb-153af7c20668\">Descarga<\/a><\/div>\n\n\n\n<div class=\"wp-block-file\"><a id=\"wp-block-file--media-a0bfc38e-d328-435e-9333-5a6e6ee47cb1\" href=\"https:\/\/eavberni-bue.infd.edu.ar\/sitio\/wp-content\/uploads\/2026\/03\/Constancia-asistencia-a-examen.pdf\">Constancia-asistencia-a-examen<\/a><a href=\"https:\/\/eavberni-bue.infd.edu.ar\/sitio\/wp-content\/uploads\/2026\/03\/Constancia-asistencia-a-examen.pdf\" class=\"wp-block-file__button wp-element-button\" download aria-describedby=\"wp-block-file--media-a0bfc38e-d328-435e-9333-5a6e6ee47cb1\">Descarga<\/a><\/div>\n\n\n\n<p><\/p>\n\n\n\n<p><strong>PLANILLAS<\/strong> <\/p>\n\n\n\n<div class=\"wp-block-file\"><a id=\"wp-block-file--media-45df53c6-9ce7-4678-8a1f-cc9686c1d44f\" href=\"https:\/\/eavberni-bue.infd.edu.ar\/sitio\/wp-content\/uploads\/2026\/03\/PLANILLA-ANALITICO-DG.pdf\">PLANILLA-ANALITICO-DG<\/a><a href=\"https:\/\/eavberni-bue.infd.edu.ar\/sitio\/wp-content\/uploads\/2026\/03\/PLANILLA-ANALITICO-DG.pdf\" class=\"wp-block-file__button wp-element-button\" download aria-describedby=\"wp-block-file--media-45df53c6-9ce7-4678-8a1f-cc9686c1d44f\">Descarga<\/a><\/div>\n\n\n\n<div class=\"wp-block-file\"><a id=\"wp-block-file--media-ca2549a5-3b65-44eb-af8d-9190750e7e38\" href=\"https:\/\/eavberni-bue.infd.edu.ar\/sitio\/wp-content\/uploads\/2026\/03\/PLANILLA-ANALITICO-DIyS.pdf\">PLANILLA-ANALITICO-DIyS<\/a><a href=\"https:\/\/eavberni-bue.infd.edu.ar\/sitio\/wp-content\/uploads\/2026\/03\/PLANILLA-ANALITICO-DIyS.pdf\" class=\"wp-block-file__button wp-element-button\" download aria-describedby=\"wp-block-file--media-ca2549a5-3b65-44eb-af8d-9190750e7e38\">Descarga<\/a><\/div>\n\n\n\n<div class=\"wp-block-file\"><a id=\"wp-block-file--media-c6b7b44a-6fc1-4696-a6ed-00f765fbf4b4\" href=\"https:\/\/eavberni-bue.infd.edu.ar\/sitio\/wp-content\/uploads\/2026\/03\/PLANILLA-ANALITICO-TIS.pdf\">PLANILLA-ANALITICO-TIS<\/a><a href=\"https:\/\/eavberni-bue.infd.edu.ar\/sitio\/wp-content\/uploads\/2026\/03\/PLANILLA-ANALITICO-TIS.pdf\" class=\"wp-block-file__button wp-element-button\" download aria-describedby=\"wp-block-file--media-c6b7b44a-6fc1-4696-a6ed-00f765fbf4b4\">Descarga<\/a><\/div>\n\n\n\n<div class=\"wp-block-file\"><a id=\"wp-block-file--media-1bd09fa5-c520-4263-8949-50f308409ba2\" href=\"https:\/\/eavberni-bue.infd.edu.ar\/sitio\/wp-content\/uploads\/2026\/03\/PLANILLA-ANALITICO-PAV.pdf\">PLANILLA-ANALITICO-PAV<\/a><a href=\"https:\/\/eavberni-bue.infd.edu.ar\/sitio\/wp-content\/uploads\/2026\/03\/PLANILLA-ANALITICO-PAV.pdf\" class=\"wp-block-file__button wp-element-button\" download aria-describedby=\"wp-block-file--media-1bd09fa5-c520-4263-8949-50f308409ba2\">Descarga<\/a><\/div>\n\n\n\n<div class=\"wp-block-file\"><a id=\"wp-block-file--media-f577b1bd-3126-40ac-bb5c-18f98a2bc912\" href=\"https:\/\/eavberni-bue.infd.edu.ar\/sitio\/wp-content\/uploads\/2026\/03\/PLANILLA-ANALITICO-CERAMICA.pdf\">PLANILLA-ANALITICO-CERAMICA<\/a><a href=\"https:\/\/eavberni-bue.infd.edu.ar\/sitio\/wp-content\/uploads\/2026\/03\/PLANILLA-ANALITICO-CERAMICA.pdf\" class=\"wp-block-file__button wp-element-button\" download aria-describedby=\"wp-block-file--media-f577b1bd-3126-40ac-bb5c-18f98a2bc912\">Descarga<\/a><\/div>\n\n\n\n<p><strong>CERTIFICADOS<\/strong><\/p>\n\n\n\n<div class=\"wp-block-file\"><a id=\"wp-block-file--media-b4088edf-971a-4e73-b150-f43574e69c1e\" href=\"https:\/\/eavberni-bue.infd.edu.ar\/sitio\/wp-content\/uploads\/2026\/03\/Certif-porcentaje-materias-DG.pdf\">Certif-porcentaje-materias-DG<\/a><a href=\"https:\/\/eavberni-bue.infd.edu.ar\/sitio\/wp-content\/uploads\/2026\/03\/Certif-porcentaje-materias-DG.pdf\" class=\"wp-block-file__button wp-element-button\" download aria-describedby=\"wp-block-file--media-b4088edf-971a-4e73-b150-f43574e69c1e\">Descarga<\/a><\/div>\n\n\n\n<div class=\"wp-block-file\"><a id=\"wp-block-file--media-46939123-4a9b-4682-8059-efee7250b768\" href=\"https:\/\/eavberni-bue.infd.edu.ar\/sitio\/wp-content\/uploads\/2026\/03\/Certif-porcentaje-materias-DIyS.pdf\">Certif-porcentaje-materias-DIyS<\/a><a href=\"https:\/\/eavberni-bue.infd.edu.ar\/sitio\/wp-content\/uploads\/2026\/03\/Certif-porcentaje-materias-DIyS.pdf\" class=\"wp-block-file__button wp-element-button\" download aria-describedby=\"wp-block-file--media-46939123-4a9b-4682-8059-efee7250b768\">Descarga<\/a><\/div>\n\n\n\n<div class=\"wp-block-file\"><a id=\"wp-block-file--media-5bc7196a-e280-4357-ba25-e87eb17aef96\" href=\"https:\/\/eavberni-bue.infd.edu.ar\/sitio\/wp-content\/uploads\/2026\/03\/Certif-porcentaje-materias-PAV.pdf\">Certif-porcentaje-materias-PAV<\/a><a href=\"https:\/\/eavberni-bue.infd.edu.ar\/sitio\/wp-content\/uploads\/2026\/03\/Certif-porcentaje-materias-PAV.pdf\" class=\"wp-block-file__button wp-element-button\" download aria-describedby=\"wp-block-file--media-5bc7196a-e280-4357-ba25-e87eb17aef96\">Descarga<\/a><\/div>\n\n\n\n<p><\/p>\n\n\n\n<p><strong>FORMULARIO SALIDAS<\/strong><\/p>\n\n\n\n<div class=\"wp-block-file\"><a id=\"wp-block-file--media-cde7c8e3-1c99-4148-8068-db9277c05c2f\" href=\"https:\/\/eavberni-bue.infd.edu.ar\/sitio\/wp-content\/uploads\/2026\/03\/ANEXO-7-IF-2024-35030927-GDEBA-CGCYEDGCYE-2.pdf\">ANEXO-7-IF-2024-35030927-GDEBA-CGCYEDGCYE-2<\/a><a href=\"https:\/\/eavberni-bue.infd.edu.ar\/sitio\/wp-content\/uploads\/2026\/03\/ANEXO-7-IF-2024-35030927-GDEBA-CGCYEDGCYE-2.pdf\" class=\"wp-block-file__button wp-element-button\" download aria-describedby=\"wp-block-file--media-cde7c8e3-1c99-4148-8068-db9277c05c2f\">Descarga<\/a><\/div>\n","protected":false},"excerpt":{"rendered":"<p>\u00c1rea Alumnos En este espacio se encuentra disponible la informaci\u00f3n y documentaci\u00f3n institucional destinada a las y los estudiantes de la Escuela de Artes Visuales \u201cAntonio Berni\u201d. Aqu\u00ed podr\u00e1n acceder a calendarios acad\u00e9micos, inscripciones, horarios, programas de estudio, normativas, comunicados y materiales de inter\u00e9s correspondientes al ciclo lectivo. Se recomienda consultar peri\u00f3dicamente este apartado para &#8230; <a title=\"Alumnos\" class=\"read-more\" href=\"https:\/\/eavberni-bue.infd.edu.ar\/sitio\/alumnos\/\" aria-label=\"More on Alumnos\">[+]<\/a><\/p>\n","protected":false},"author":73,"featured_media":0,"parent":0,"menu_order":0,"comment_status":"closed","ping_status":"closed","template":"","meta":[],"acf":[],"_links":{"self":[{"href":"https:\/\/eavberni-bue.infd.edu.ar\/sitio\/wp-json\/wp\/v2\/pages\/1499"}],"collection":[{"href":"https:\/\/eavberni-bue.infd.edu.ar\/sitio\/wp-json\/wp\/v2\/pages"}],"about":[{"href":"https:\/\/eavberni-bue.infd.edu.ar\/sitio\/wp-json\/wp\/v2\/types\/page"}],"author":[{"embeddable":true,"href":"https:\/\/eavberni-bue.infd.edu.ar\/sitio\/wp-json\/wp\/v2\/users\/73"}],"replies":[{"embeddable":true,"href":"https:\/\/eavberni-bue.infd.edu.ar\/sitio\/wp-json\/wp\/v2\/comments?post=1499"}],"version-history":[{"count":8,"href":"https:\/\/eavberni-bue.infd.edu.ar\/sitio\/wp-json\/wp\/v2\/pages\/1499\/revisions"}],"predecessor-version":[{"id":1633,"href":"https:\/\/eavberni-bue.infd.edu.ar\/sitio\/wp-json\/wp\/v2\/pages\/1499\/revisions\/1633"}],"wp:attachment":[{"href":"https:\/\/eavberni-bue.infd.edu.ar\/sitio\/wp-json\/wp\/v2\/media?parent=1499"}],"curies":[{"name":"wp","href":"https:\/\/api.w.org\/{rel}","templated":true}]}}