{"id":1460,"date":"2025-12-12T16:40:47","date_gmt":"2025-12-12T19:40:47","guid":{"rendered":"https:\/\/eavberni-bue.infd.edu.ar\/sitio\/?page_id=1460"},"modified":"2025-12-12T16:40:56","modified_gmt":"2025-12-12T19:40:56","slug":"profesorado-de-artes-visuales-en-ceramica","status":"publish","type":"page","link":"https:\/\/eavberni-bue.infd.edu.ar\/sitio\/profesorado-de-artes-visuales-en-ceramica\/","title":{"rendered":"Profesorado de Artes Visuales en Cer\u00e1mica"},"content":{"rendered":"\n<p><strong>Orientaci\u00f3n<\/strong>: Cer\u00e1mica <\/p>\n\n\n\n<p class=\"has-medium-font-size\"><strong>Por qu\u00e9 estudiar Profesorado de Artes Visuales?<\/strong><\/p>\n\n\n\n<p>El Profesorado de Artes Visuales forma docentes y artistas con una mirada integral, capaces de crear y ense\u00f1ar en diversos lenguajes como escultura, grabado, pintura y cer\u00e1mica. La carrera combina una s\u00f3lida formaci\u00f3n pedag\u00f3gica con la exploraci\u00f3n profunda de cada disciplina, permiti\u00e9ndote desarrollar habilidades t\u00e9cnicas, expresivas y reflexivas para acompa\u00f1ar procesos de aprendizaje art\u00edstico en distintos contextos.<\/p>\n\n\n\n<p>Al egresar, podr\u00e1s desempe\u00f1arte como docente en instituciones educativas, talleres, espacios culturales y proyectos comunitarios, adem\u00e1s de continuar tu producci\u00f3n como artista independiente. La diversidad de lenguajes que aborda el profesorado te brinda una formaci\u00f3n amplia y vers\u00e1til, ideal para participar en el campo cultural, exponer tus obras y promover pr\u00e1cticas art\u00edsticas en \u00e1mbitos educativos y sociales.<\/p>\n\n\n\n<p class=\"has-medium-font-size\"><strong>1er A\u00f1o <\/strong><\/p>\n\n\n\n<ul>\n<li>Lenguaje Visual 1<\/li>\n\n\n\n<li>Dibujo 1<\/li>\n\n\n\n<li>Cer\u00e1mica 1<\/li>\n\n\n\n<li>Qu\u00edmica Aplicada 1<\/li>\n\n\n\n<li>Taller Complementario 1 (Pintura, Grabado o Escultura)<\/li>\n\n\n\n<li>Historia de las Artes Visuales 1<\/li>\n\n\n\n<li>Pr\u00e1ctica Docente 1<\/li>\n\n\n\n<li>Psicolog\u00eda de la Educaci\u00f3n 1<\/li>\n\n\n\n<li>Fundamentos de la Educaci\u00f3n <\/li>\n\n\n\n<li>Historia Social General<\/li>\n<\/ul>\n\n\n\n<p class=\"has-medium-font-size\"><strong>2do A\u00f1o<\/strong><\/p>\n\n\n\n<ul>\n<li>Lenguaje Visual 2<\/li>\n\n\n\n<li>Dibujo 2<\/li>\n\n\n\n<li>Cer\u00e1mica 2<\/li>\n\n\n\n<li>Tecnolog\u00eda Aplicada a la Cer\u00e1mica 1<\/li>\n\n\n\n<li>Taller Complementario 1 (Pintura Grabado o Escultura)<\/li>\n\n\n\n<li>Historia de las Artes Visuales 2 <\/li>\n\n\n\n<li>Pr\u00e1ctica Docente 2<\/li>\n\n\n\n<li>Psicolog\u00eda de la Educaci\u00f3n 2<\/li>\n\n\n\n<li>Did\u00e1ctica General<\/li>\n\n\n\n<li>Historia Socio Pol\u00edtica Lat\u00edn y Argentina<\/li>\n\n\n\n<li>Lenguaje Visual 3<\/li>\n<\/ul>\n\n\n\n<p class=\"has-medium-font-size\"><strong>3er A\u00f1o<\/strong><\/p>\n\n\n\n<ul>\n<li>Dibujo 3<\/li>\n\n\n\n<li>Cer\u00e1mica 3<\/li>\n\n\n\n<li>Qu\u00edmica Aplicada 2<\/li>\n\n\n\n<li>Medios Audiovisuales e Imagen Digital<\/li>\n\n\n\n<li>Historia de las Artes Visuales 3<\/li>\n\n\n\n<li>Did\u00e1ctica de las Artes Visuales 1<\/li>\n\n\n\n<li>Pr\u00e1cticas Docente 3<\/li>\n\n\n\n<li>Pol\u00edtica Educativa<\/li>\n\n\n\n<li>Teor\u00edas del Arte 1<\/li>\n<\/ul>\n\n\n\n<p class=\"has-medium-font-size\"><strong>4to A\u00f1o<\/strong><\/p>\n\n\n\n<ul>\n<li>Cer\u00e1mica 4<\/li>\n\n\n\n<li>Dibujo 4<\/li>\n\n\n\n<li>Artes Combinadas<\/li>\n\n\n\n<li>Did\u00e1ctica de las ArtesVisuales 2<\/li>\n\n\n\n<li>Pr\u00e1ctica Docente 4<\/li>\n\n\n\n<li>Teor\u00edas del Arte 2<\/li>\n\n\n\n<li>Metodolog\u00eda de la Investigaci\u00f3n en Artes<\/li>\n<\/ul>\n\n\n\n<p>EDI: Espacio de Definici\u00f3n Institucional<\/p>\n\n\n\n<p><strong>T\u00cdTULO: PROFESORADO DE ARTES VISUALES CON ORIENTACI\u00d3N EN CERAMICA<\/strong><\/p>\n\n\n\n<p class=\"has-large-font-size\"><strong>Qu\u00e9 salida laboral te ofrece?<\/strong><\/p>\n\n\n\n<p>El profesorado ofrece una salida laboral amplia, que incluye la docencia en instituciones educativas, talleres culturales, centros comunitarios y proyectos art\u00edsticos orientados a distintos grupos y contextos. Adem\u00e1s, permite desarrollarse como artista profesional en la especialidad elegida, produciendo obra para exhibici\u00f3n, venta o circulaci\u00f3n en espacios culturales y ferias. El egresado tambi\u00e9n puede coordinar proyectos educativos y culturales, gestionar espacios art\u00edsticos, impartir talleres particulares y participar en iniciativas vinculadas a la creaci\u00f3n, la educaci\u00f3n y la promoci\u00f3n de las artes visuales.<\/p>\n","protected":false},"excerpt":{"rendered":"<p>Orientaci\u00f3n: Cer\u00e1mica Por qu\u00e9 estudiar Profesorado de Artes Visuales? El Profesorado de Artes Visuales forma docentes y artistas con una mirada integral, capaces de crear y ense\u00f1ar en diversos lenguajes como escultura, grabado, pintura y cer\u00e1mica. La carrera combina una s\u00f3lida formaci\u00f3n pedag\u00f3gica con la exploraci\u00f3n profunda de cada disciplina, permiti\u00e9ndote desarrollar habilidades t\u00e9cnicas, expresivas &#8230; <a title=\"Profesorado de Artes Visuales en Cer\u00e1mica\" class=\"read-more\" href=\"https:\/\/eavberni-bue.infd.edu.ar\/sitio\/profesorado-de-artes-visuales-en-ceramica\/\" aria-label=\"More on Profesorado de Artes Visuales en Cer\u00e1mica\">[+]<\/a><\/p>\n","protected":false},"author":73,"featured_media":0,"parent":0,"menu_order":0,"comment_status":"closed","ping_status":"closed","template":"","meta":[],"acf":[],"_links":{"self":[{"href":"https:\/\/eavberni-bue.infd.edu.ar\/sitio\/wp-json\/wp\/v2\/pages\/1460"}],"collection":[{"href":"https:\/\/eavberni-bue.infd.edu.ar\/sitio\/wp-json\/wp\/v2\/pages"}],"about":[{"href":"https:\/\/eavberni-bue.infd.edu.ar\/sitio\/wp-json\/wp\/v2\/types\/page"}],"author":[{"embeddable":true,"href":"https:\/\/eavberni-bue.infd.edu.ar\/sitio\/wp-json\/wp\/v2\/users\/73"}],"replies":[{"embeddable":true,"href":"https:\/\/eavberni-bue.infd.edu.ar\/sitio\/wp-json\/wp\/v2\/comments?post=1460"}],"version-history":[{"count":2,"href":"https:\/\/eavberni-bue.infd.edu.ar\/sitio\/wp-json\/wp\/v2\/pages\/1460\/revisions"}],"predecessor-version":[{"id":1462,"href":"https:\/\/eavberni-bue.infd.edu.ar\/sitio\/wp-json\/wp\/v2\/pages\/1460\/revisions\/1462"}],"wp:attachment":[{"href":"https:\/\/eavberni-bue.infd.edu.ar\/sitio\/wp-json\/wp\/v2\/media?parent=1460"}],"curies":[{"name":"wp","href":"https:\/\/api.w.org\/{rel}","templated":true}]}}