{"id":1402,"date":"2025-12-09T16:51:21","date_gmt":"2025-12-09T19:51:21","guid":{"rendered":"https:\/\/eavberni-bue.infd.edu.ar\/sitio\/?page_id=1402"},"modified":"2025-12-12T14:01:04","modified_gmt":"2025-12-12T17:01:04","slug":"tecnicatura-en-ilustracion","status":"publish","type":"page","link":"https:\/\/eavberni-bue.infd.edu.ar\/sitio\/tecnicatura-en-ilustracion\/","title":{"rendered":"Tecnicatura en Ilustraci\u00f3n"},"content":{"rendered":"\n<p>T\u00cdTULO: TECNICO EN ILUSTRACI\u00d3N<\/p>\n\n\n\n<p class=\"has-large-font-size\"><strong>Por qu\u00e9 estudiar<\/strong> <strong>Tecnicatura en Ilustraci\u00f3n<\/strong><\/p>\n\n\n\n<p>La Tecnicatura en Ilustraci\u00f3n brinda una formaci\u00f3n s\u00f3lida para desarrollar un lenguaje visual propio, combinando t\u00e9cnicas tradicionales y digitales. A trav\u00e9s del estudio del dibujo, la composici\u00f3n y las herramientas de ilustraci\u00f3n, te prepara para crear piezas originales aplicadas a la comunicaci\u00f3n visual, la edici\u00f3n, la publicidad y las industrias creativas.<\/p>\n\n\n\n<p>Esta formaci\u00f3n intermedia permite adquirir habilidades profesionales en un tiempo m\u00e1s corto, abriendo oportunidades laborales en proyectos editoriales, dise\u00f1o gr\u00e1fico, animaci\u00f3n, redes sociales y emprendimientos personales. Tambi\u00e9n sienta las bases t\u00e9cnicas y art\u00edsticas ideales para continuar estudios superiores en ilustraci\u00f3n u otras \u00e1reas del arte.<\/p>\n\n\n\n<p><strong>T\u00edtulo intermedio:<\/strong>&nbsp;T\u00e9cnico en Ilustraci\u00f3n (3 a\u00f1os)<\/p>\n\n\n\n<p><strong>T\u00edtulo:<\/strong> Ilustrador Profesional (1 a\u00f1o)<\/p>\n\n\n\n<p class=\"has-medium-font-size\"><strong>1er A\u00f1o<\/strong><\/p>\n\n\n\n<ul>\n<li>Tipograf\u00eda 1<\/li>\n\n\n\n<li>Grafica Asistida por Computadora 1<\/li>\n\n\n\n<li>Dibujo 1<\/li>\n\n\n\n<li>T\u00e9cnicas de Bidimensionales de Ilustraci\u00f3n 1<\/li>\n\n\n\n<li>Percepci\u00f3n Visual<\/li>\n\n\n\n<li>Taller de Texto<\/li>\n\n\n\n<li>Historia del Arte y el Dise\u00f1o<\/li>\n\n\n\n<li>Comunicaci\u00f3n<\/li>\n\n\n\n<li>Taller de Ilustraci\u00f3n 1<\/li>\n<\/ul>\n\n\n\n<p class=\"has-medium-font-size\"><strong>2do A\u00f1o<\/strong><\/p>\n\n\n\n<ul>\n<li>Dibujo 2<\/li>\n\n\n\n<li>Tecnolog\u00eda 1<\/li>\n\n\n\n<li>Grafica Asistida por Computadora 2<\/li>\n\n\n\n<li>T\u00e9cnicas Bidimensionales de Ilustraci\u00f3n 2<\/li>\n\n\n\n<li>Semiolog\u00eda de la Imagen<\/li>\n\n\n\n<li>Taller de Sonido<\/li>\n\n\n\n<li>Historia de la Ilustraci\u00f3n 1<\/li>\n\n\n\n<li>Espacio de Definici\u00f3n Institucional<\/li>\n\n\n\n<li>Taller de Ilustraci\u00f3n 2<\/li>\n<\/ul>\n\n\n\n<p class=\"has-medium-font-size\"><strong>3er A\u00f1o<\/strong><\/p>\n\n\n\n<ul>\n<li>Dibujo 2<\/li>\n\n\n\n<li>Fotograf\u00eda<\/li>\n\n\n\n<li>Imagen Digital<\/li>\n\n\n\n<li>T\u00e9cnicas Tridimensionales de Ilustraci\u00f3n 2<\/li>\n\n\n\n<li>Sociolog\u00eda de la Comunicaci\u00f3n<\/li>\n\n\n\n<li>\u00c9tica y Lesgilaci\u00f3n<\/li>\n\n\n\n<li>Espacio de Definici\u00f3n Institucional<\/li>\n\n\n\n<li>Taller de Ilustraci\u00f3n 3<\/li>\n<\/ul>\n\n\n\n<p>T\u00cdTULO INTERMEDIO: T\u00c9CNICO EN ILUSTRACION<\/p>\n\n\n\n<p class=\"has-large-font-size\"><strong>T\u00cdTULO: ILUSTRADOR PROFESIONAL<\/strong><\/p>\n\n\n\n<p><strong>4to A\u00f1o (Es necesario tener aprobado los 3 primeros a\u00f1os de la Tecnicatura)<\/strong><\/p>\n\n\n\n<ul>\n<li>Espacio de Especializaci\u00f3n 1<\/li>\n\n\n\n<li>Espacio de Especializaci\u00f3n 2<\/li>\n\n\n\n<li>Espacio de Especializaci\u00f3n 3<\/li>\n\n\n\n<li>Arte, Cultura y Est\u00e9tica en el mundo Contempor\u00e1neo<\/li>\n\n\n\n<li>Taller de Especializaci\u00f3n Aplicada<\/li>\n<\/ul>\n\n\n\n<p class=\"has-large-font-size\"><strong>Qu\u00e9 salida laboral te ofrece?<\/strong><\/p>\n\n\n\n<p class=\"has-medium-font-size\">El t\u00edtulo final habilita al profesional a desempe\u00f1arse con mayor alcance en el campo editorial, art\u00edstico y digital. El ilustrador puede trabajar en libros, revistas, plataformas digitales, campa\u00f1as publicitarias, concept art para animaci\u00f3n y videojuegos, ilustraci\u00f3n cient\u00edfica o t\u00e9cnica, y proyectos culturales de diversa escala. Asimismo, brinda la posibilidad de desarrollar obras personales, participar en ferias y exposiciones, realizar murales, gestionar proyectos creativos y emprender como ilustrador independiente con un perfil m\u00e1s especializado y autoral.<\/p>\n","protected":false},"excerpt":{"rendered":"<p>T\u00cdTULO: TECNICO EN ILUSTRACI\u00d3N Por qu\u00e9 estudiar Tecnicatura en Ilustraci\u00f3n La Tecnicatura en Ilustraci\u00f3n brinda una formaci\u00f3n s\u00f3lida para desarrollar un lenguaje visual propio, combinando t\u00e9cnicas tradicionales y digitales. A trav\u00e9s del estudio del dibujo, la composici\u00f3n y las herramientas de ilustraci\u00f3n, te prepara para crear piezas originales aplicadas a la comunicaci\u00f3n visual, la edici\u00f3n, &#8230; <a title=\"Tecnicatura en Ilustraci\u00f3n\" class=\"read-more\" href=\"https:\/\/eavberni-bue.infd.edu.ar\/sitio\/tecnicatura-en-ilustracion\/\" aria-label=\"More on Tecnicatura en Ilustraci\u00f3n\">[+]<\/a><\/p>\n","protected":false},"author":73,"featured_media":0,"parent":0,"menu_order":0,"comment_status":"closed","ping_status":"closed","template":"","meta":[],"acf":[],"_links":{"self":[{"href":"https:\/\/eavberni-bue.infd.edu.ar\/sitio\/wp-json\/wp\/v2\/pages\/1402"}],"collection":[{"href":"https:\/\/eavberni-bue.infd.edu.ar\/sitio\/wp-json\/wp\/v2\/pages"}],"about":[{"href":"https:\/\/eavberni-bue.infd.edu.ar\/sitio\/wp-json\/wp\/v2\/types\/page"}],"author":[{"embeddable":true,"href":"https:\/\/eavberni-bue.infd.edu.ar\/sitio\/wp-json\/wp\/v2\/users\/73"}],"replies":[{"embeddable":true,"href":"https:\/\/eavberni-bue.infd.edu.ar\/sitio\/wp-json\/wp\/v2\/comments?post=1402"}],"version-history":[{"count":3,"href":"https:\/\/eavberni-bue.infd.edu.ar\/sitio\/wp-json\/wp\/v2\/pages\/1402\/revisions"}],"predecessor-version":[{"id":1451,"href":"https:\/\/eavberni-bue.infd.edu.ar\/sitio\/wp-json\/wp\/v2\/pages\/1402\/revisions\/1451"}],"wp:attachment":[{"href":"https:\/\/eavberni-bue.infd.edu.ar\/sitio\/wp-json\/wp\/v2\/media?parent=1402"}],"curies":[{"name":"wp","href":"https:\/\/api.w.org\/{rel}","templated":true}]}}