{"id":1236,"date":"2025-12-09T14:43:52","date_gmt":"2025-12-09T17:43:52","guid":{"rendered":"https:\/\/eavberni-bue.infd.edu.ar\/sitio\/?page_id=1236"},"modified":"2025-12-09T18:07:08","modified_gmt":"2025-12-09T21:07:08","slug":"nuestro-personal","status":"publish","type":"page","link":"https:\/\/eavberni-bue.infd.edu.ar\/sitio\/nuestro-personal\/","title":{"rendered":"Nuestro Personal"},"content":{"rendered":"\n<p><\/p>\n\n\n\n<p class=\"has-base-color has-text-color has-background has-medium-font-size\" style=\"background:linear-gradient(307deg,rgba(252,185,0,1) 0%,rgba(255,105,0,1) 100%)\">Nuestros preceptores son los encargados de resolver toda consulta relacionada a la cursada y tr\u00e1mites administrativos como constancias de alumno regular y certificados anal\u00edticos<\/p>\n\n\n\n<p class=\"has-contrast-color has-text-color has-large-font-size\"><strong>PRECEPTORES<\/strong><\/p>\n\n\n\n<p>Turno Ma\u00f1ana:<\/p>\n\n\n\n\n\n<p>Nahuel Cortessi<\/p>\n\n\n\n<p>Margarita Romero<\/p>\n\n\n\n<p>Patricia Diaz<\/p>\n\n\n\n<p>Turno Tarde:&nbsp; &nbsp;<\/p>\n\n\n\n<p>Soledad Posada Palma<\/p>\n\n\n\n<p>Turno Vespertino:&nbsp;&nbsp;&nbsp;&nbsp;&nbsp;<\/p>\n\n\n\n<p>Anal\u00eda Albornoz<\/p>\n\n\n\n<p>Wendy de Vera Perdomo<\/p>\n\n\n\n<p>Extensi\u00f3n\u00a0 San Isidro &#8211; Turno Vespertino: P.A.V.<\/p>\n\n\n\n<p>Vanesa Marre<\/p>\n\n\n\n<p>Alejandra Magallanes<\/p>\n","protected":false},"excerpt":{"rendered":"<p>Nuestros preceptores son los encargados de resolver toda consulta relacionada a la cursada y tr\u00e1mites administrativos como constancias de alumno regular y certificados anal\u00edticos PRECEPTORES Turno Ma\u00f1ana: Nahuel Cortessi Margarita Romero Patricia Diaz Turno Tarde:&nbsp; &nbsp; Soledad Posada Palma Turno Vespertino:&nbsp;&nbsp;&nbsp;&nbsp;&nbsp; Anal\u00eda Albornoz Wendy de Vera Perdomo Extensi\u00f3n\u00a0 San Isidro &#8211; Turno Vespertino: P.A.V. Vanesa &#8230; <a title=\"Nuestro Personal\" class=\"read-more\" href=\"https:\/\/eavberni-bue.infd.edu.ar\/sitio\/nuestro-personal\/\" aria-label=\"More on Nuestro Personal\">[+]<\/a><\/p>\n","protected":false},"author":73,"featured_media":0,"parent":0,"menu_order":0,"comment_status":"closed","ping_status":"closed","template":"","meta":[],"acf":[],"_links":{"self":[{"href":"https:\/\/eavberni-bue.infd.edu.ar\/sitio\/wp-json\/wp\/v2\/pages\/1236"}],"collection":[{"href":"https:\/\/eavberni-bue.infd.edu.ar\/sitio\/wp-json\/wp\/v2\/pages"}],"about":[{"href":"https:\/\/eavberni-bue.infd.edu.ar\/sitio\/wp-json\/wp\/v2\/types\/page"}],"author":[{"embeddable":true,"href":"https:\/\/eavberni-bue.infd.edu.ar\/sitio\/wp-json\/wp\/v2\/users\/73"}],"replies":[{"embeddable":true,"href":"https:\/\/eavberni-bue.infd.edu.ar\/sitio\/wp-json\/wp\/v2\/comments?post=1236"}],"version-history":[{"count":3,"href":"https:\/\/eavberni-bue.infd.edu.ar\/sitio\/wp-json\/wp\/v2\/pages\/1236\/revisions"}],"predecessor-version":[{"id":1424,"href":"https:\/\/eavberni-bue.infd.edu.ar\/sitio\/wp-json\/wp\/v2\/pages\/1236\/revisions\/1424"}],"wp:attachment":[{"href":"https:\/\/eavberni-bue.infd.edu.ar\/sitio\/wp-json\/wp\/v2\/media?parent=1236"}],"curies":[{"name":"wp","href":"https:\/\/api.w.org\/{rel}","templated":true}]}}